{"id":6899,"date":"2021-01-27T07:28:36","date_gmt":"2021-01-27T07:28:36","guid":{"rendered":"https:\/\/bukizi.com\/?page_id=6899"},"modified":"2021-03-03T15:44:07","modified_gmt":"2021-03-03T08:44:07","slug":"chinh-sach-thanh-toan","status":"publish","type":"page","link":"https:\/\/bukizi.com\/?page_id=6899","title":{"rendered":"Ch\u00ednh s\u00e1ch thanh to\u00e1n"},"content":{"rendered":"<p>[vc_row full_width=&#8221;fullwidth&#8221; techland_align_items=&#8221;&#8221; techland_lg_align_items=&#8221;&#8221; techland_md_align_items=&#8221;&#8221; techland_sm_align_items=&#8221;&#8221;][vc_column]<header id=\"top-bar\" class=\"top-bar top-bar--light sticky-off nt-shortcode-header\" data-nav-anchor=\"true\" data-res-css=\"             #nt-logo.top-bar__logo.site-logo img { width:121px; } #nt-logo.top-bar__logo.site-logo img { height:45px; }  \"><div class=\"top-bar__inner\"><div class=\"container-fluid\"><div class=\"row align-items-center no-gutters\"><a href=\"https:\/\/bukizi.com\/\" id=\"nt-logo\" class=\"top-bar__logo site-logo\"><img src=\"https:\/\/bukizi.com\/wp-content\/uploads\/2020\/09\/Asset-2@4x3.png\" alt=\"Bukizi\" class=\"img-fluid main-logo\" \/><\/a><a id=\"top-bar__navigation-toggler\" class=\"top-bar__navigation-toggler\" href=\"javascript:void(0);\"><span><\/span><\/a><div class=\"top-bar__collapse\"><nav id=\"top-bar__navigation\" class=\"top-bar__navigation\"><ul class=\"nav-menu align-to-right\"><li id=\"menu-item-6272\" class=\"menu-item menu-item-type-post_type menu-item-object-page menu-item-home nt-first-menu-item menu-item-6272\"><a href=\"https:\/\/bukizi.com\/\">Trang ch\u1ee7<\/a><\/li>\n<li id=\"menu-item-6442\" class=\"menu-item menu-item-type-post_type menu-item-object-page menu-item-6442\"><a href=\"https:\/\/bukizi.com\/?page_id=1105\">Gi\u1ea3i ph\u00e1p<\/a><\/li>\n<li id=\"menu-item-6441\" class=\"menu-item menu-item-type-post_type menu-item-object-page current_page_parent menu-item-6441\"><a href=\"https:\/\/bukizi.com\/?page_id=16\">Tin t\u1ee9c<\/a><\/li>\n<li id=\"menu-item-6577\" class=\"menu-item menu-item-type-post_type menu-item-object-page nt-last-menu-item menu-item-6577\"><a href=\"https:\/\/bukizi.com\/?page_id=1657\">Li\u00ean h\u1ec7<\/a><\/li>\n<\/ul><\/nav><div id=\"top-bar__action\" class=\"top-bar__action\"><div class=\"d-xl-flex flex-xl-row flex-xl-wrap align-items-xl-center\"><div class=\"top-bar__auth-btns\"><a class=\"btn-first\"  href=\"https:\/\/partner.bukizi.com\/sign-up\" target=\"_blank\" title=\"\u0110\u0103ng k\u00fd t\u00e0i kho\u1ea3n\">\u0110\u0103ng k\u00fd t\u00e0i kho\u1ea3n<\/a><a class=\"btn-sceond custom-btn custom-btn--medium custom-btn--style-5\" href=\"https:\/\/bukizi.com\/?page_id=1086\" title=\"How It Works\">B\u1eaft \u0111\u1ea7u d\u00f9ng th\u1eed<\/a><\/div><\/div><\/div><\/div><\/div><\/div><\/div><\/header>[\/vc_column][\/vc_row][vc_row][vc_column][\/vc_column][\/vc_row][vc_row full_width=&#8221;fullwidth&#8221; techland_align_items=&#8221;center&#8221; techland_lg_align_items=&#8221;&#8221; techland_md_align_items=&#8221;&#8221; techland_sm_align_items=&#8221;&#8221;][vc_column]<div id=\"hero\" class=\"hero breadcrumb-section jarallax text-center\" data-img-src=\"https:\/\/bukizi.com\/wp-content\/uploads\/2019\/05\/1-1-1.jpg\" data-res-css=\".nt-hero-subtitle.__subtitle{color:#fcc92f!important;font-size:50px;}.hero__title span{font-size:60px;}\"><div class=\"container\"><h1 class=\"hero__title\"><span>Ch\u00ednh s\u00e1ch thanh to\u00e1n<\/span><\/h1><\/div><\/div>[\/vc_column][\/vc_row][vc_row][vc_column css=&#8221;.vc_custom_1611730661194{padding-top: 50px !important;}&#8221;][vc_row_inner][vc_column_inner][\/vc_column_inner][\/vc_row_inner][vc_column_text]<\/p>\n<p style=\"padding-left: 40px;\">1. Thanh to\u00e1n: Th\u1eddi gian v\u00e0 gi\u00e1 tr\u1ecb thanh to\u00e1n \u0111\u01b0\u1ee3c hai b\u00ean th\u1ecfa thu\u1eadn v\u00e0 th\u1ef1c hi\u1ec7n theo h\u1ee3p \u0111\u1ed3ng \u0111\u00e3 k\u00fd k\u1ebft.<\/p>\n<p style=\"padding-left: 40px;\">2. Gi\u00e1 tr\u1ecb h\u1ee3p \u0111\u1ed3ng \u0111\u01b0\u1ee3c thanh to\u00e1n b\u1eb1ng ti\u1ec1n m\u1eb7t ho\u1eb7c chuy\u1ec3n kho\u1ea3n v\u00e0o t\u00e0i kho\u1ea3n c\u1ee7a c\u00f4ng ty. N\u1ebfu c\u00f3 s\u1ef1 thay \u0111\u1ed5i v\u1ec1 t\u00e0i kho\u1ea3n thanh to\u00e1n, c\u00f4ng ty s\u1ebd th\u00f4ng b\u00e1o cho kh\u00e1ch h\u00e0ng b\u1eb1ng v\u0103n b\u1ea3n ch\u00ednh th\u1ee9c.<\/p>\n<p>\u00a0[\/vc_column_text][\/vc_column][\/vc_row][vc_row][vc_column]<div class=\"spacer py-2\"><\/div>[\/vc_column][\/vc_row]<\/p>\n","protected":false},"excerpt":{"rendered":"<p>[vc_row full_width=&#8221;fullwidth&#8221; techland_align_items=&#8221;&#8221; techland_lg_align_items=&#8221;&#8221; techland_md_align_items=&#8221;&#8221; techland_sm_align_items=&#8221;&#8221;][vc_column][\/vc_column][\/vc_row][vc_row][vc_column][\/vc_column][\/vc_row][vc_row full_width=&#8221;fullwidth&#8221; techland_align_items=&#8221;center&#8221; techland_lg_align_items=&#8221;&#8221; techland_md_align_items=&#8221;&#8221; techland_sm_align_items=&#8221;&#8221;][vc_column][\/vc_column][\/vc_row][vc_row][vc_column css=&#8221;.vc_custom_1611730661194{padding-top: 50px !important;}&#8221;][vc_row_inner][vc_column_inner][\/vc_column_inner][\/vc_row_inner][vc_column_text] 1. Thanh to\u00e1n: Th\u1eddi gian v\u00e0 gi\u00e1 tr\u1ecb thanh to\u00e1n \u0111\u01b0\u1ee3c hai b\u00ean th\u1ecfa thu\u1eadn v\u00e0 th\u1ef1c hi\u1ec7n theo h\u1ee3p \u0111\u1ed3ng \u0111\u00e3 k\u00fd k\u1ebft. 2. Gi\u00e1 tr\u1ecb h\u1ee3p \u0111\u1ed3ng \u0111\u01b0\u1ee3c thanh to\u00e1n b\u1eb1ng ti\u1ec1n m\u1eb7t ho\u1eb7c chuy\u1ec3n kho\u1ea3n v\u00e0o t\u00e0i kho\u1ea3n&#8230;<\/p>\n","protected":false},"author":1,"featured_media":0,"parent":0,"menu_order":0,"comment_status":"closed","ping_status":"closed","template":"custom-page.php","meta":{"kk_blocks_editor_width":"","_kiokenblocks_attr":"","_kiokenblocks_dimensions":""},"featured_image_urls":{"full":"","thumbnail":"","medium":"","medium_large":"","large":"","1536x1536":"","2048x2048":"","the_grid_size1":"","the_grid_size2":"","the_grid_size3":"","the_grid_size4":"","the_grid_size5":"","woocommerce_thumbnail":"","woocommerce_single":"","woocommerce_gallery_thumbnail":"","shop_catalog":"","shop_single":"","shop_thumbnail":""},"post_excerpt_stackable":"<p>[vc_row full_width=&#8221;fullwidth&#8221; techland_align_items=&#8221;&#8221; techland_lg_align_items=&#8221;&#8221; techland_md_align_items=&#8221;&#8221; techland_sm_align_items=&#8221;&#8221;][vc_column]Trang ch\u1ee7 Gi\u1ea3i ph\u00e1p Tin t\u1ee9c Li\u00ean h\u1ec7 \u0110\u0103ng k\u00fd t\u00e0i kho\u1ea3nB\u1eaft \u0111\u1ea7u d\u00f9ng th\u1eed[\/vc_column][\/vc_row][vc_row][vc_column][\/vc_column][\/vc_row][vc_row full_width=&#8221;fullwidth&#8221; techland_align_items=&#8221;center&#8221; techland_lg_align_items=&#8221;&#8221; techland_md_align_items=&#8221;&#8221; techland_sm_align_items=&#8221;&#8221;][vc_column]Ch\u00ednh s\u00e1ch thanh to\u00e1n[\/vc_column][\/vc_row][vc_row][vc_column css=&#8221;.vc_custom_1611730661194{padding-top: 50px !important;}&#8221;][vc_row_inner][vc_column_inner][\/vc_column_inner][\/vc_row_inner][vc_column_text] 1. Thanh to\u00e1n: Th\u1eddi gian v\u00e0 gi\u00e1 tr\u1ecb thanh to\u00e1n \u0111\u01b0\u1ee3c hai b\u00ean th\u1ecfa thu\u1eadn v\u00e0 th\u1ef1c hi\u1ec7n theo h\u1ee3p \u0111\u1ed3ng \u0111\u00e3 k\u00fd k\u1ebft. 2. Gi\u00e1 tr\u1ecb h\u1ee3p \u0111\u1ed3ng \u0111\u01b0\u1ee3c thanh to\u00e1n b\u1eb1ng ti\u1ec1n m\u1eb7t ho\u1eb7c chuy\u1ec3n kho\u1ea3n v\u00e0o t\u00e0i kho\u1ea3n c\u1ee7a c\u00f4ng ty. N\u1ebfu c\u00f3 s\u1ef1 thay \u0111\u1ed5i v\u1ec1 t\u00e0i kho\u1ea3n thanh to\u00e1n, c\u00f4ng ty s\u1ebd th\u00f4ng b\u00e1o cho kh\u00e1ch h\u00e0ng b\u1eb1ng v\u0103n b\u1ea3n ch\u00ednh th\u1ee9c. \u00a0[\/vc_column_text][\/vc_column][\/vc_row][vc_row][vc_column][\/vc_column][\/vc_row]<\/p>\n","category_list":"","author_info":{"name":"admin","url":"https:\/\/bukizi.com\/?author=1"},"comments_num":"0 comments","_links":{"self":[{"href":"https:\/\/bukizi.com\/index.php?rest_route=\/wp\/v2\/pages\/6899"}],"collection":[{"href":"https:\/\/bukizi.com\/index.php?rest_route=\/wp\/v2\/pages"}],"about":[{"href":"https:\/\/bukizi.com\/index.php?rest_route=\/wp\/v2\/types\/page"}],"author":[{"embeddable":true,"href":"https:\/\/bukizi.com\/index.php?rest_route=\/wp\/v2\/users\/1"}],"replies":[{"embeddable":true,"href":"https:\/\/bukizi.com\/index.php?rest_route=%2Fwp%2Fv2%2Fcomments&post=6899"}],"version-history":[{"count":7,"href":"https:\/\/bukizi.com\/index.php?rest_route=\/wp\/v2\/pages\/6899\/revisions"}],"predecessor-version":[{"id":7031,"href":"https:\/\/bukizi.com\/index.php?rest_route=\/wp\/v2\/pages\/6899\/revisions\/7031"}],"wp:attachment":[{"href":"https:\/\/bukizi.com\/index.php?rest_route=%2Fwp%2Fv2%2Fmedia&parent=6899"}],"curies":[{"name":"wp","href":"https:\/\/api.w.org\/{rel}","templated":true}]}}