{"id":6895,"date":"2021-01-27T07:27:21","date_gmt":"2021-01-27T07:27:21","guid":{"rendered":"https:\/\/bukizi.com\/?page_id=6895"},"modified":"2021-03-09T14:27:22","modified_gmt":"2021-03-09T07:27:22","slug":"chinh-sach-bao-mat","status":"publish","type":"page","link":"https:\/\/bukizi.com\/?page_id=6895","title":{"rendered":"Ch\u00ednh s\u00e1ch b\u1ea3o m\u1eadt"},"content":{"rendered":"<p>[vc_row full_width=&#8221;fullwidth&#8221; techland_align_items=&#8221;&#8221; techland_lg_align_items=&#8221;&#8221; techland_md_align_items=&#8221;&#8221; techland_sm_align_items=&#8221;&#8221;][vc_column]<header id=\"top-bar\" class=\"top-bar top-bar--light sticky-off nt-shortcode-header\" data-nav-anchor=\"true\" data-res-css=\"             #nt-logo.top-bar__logo.site-logo img { width:121px; } #nt-logo.top-bar__logo.site-logo img { height:45px; }  \"><div class=\"top-bar__inner\"><div class=\"container-fluid\"><div class=\"row align-items-center no-gutters\"><a href=\"https:\/\/bukizi.com\/\" id=\"nt-logo\" class=\"top-bar__logo site-logo\"><img src=\"https:\/\/bukizi.com\/wp-content\/uploads\/2020\/09\/Asset-2@4x3.png\" alt=\"Bukizi\" class=\"img-fluid main-logo\" \/><\/a><a id=\"top-bar__navigation-toggler\" class=\"top-bar__navigation-toggler\" href=\"javascript:void(0);\"><span><\/span><\/a><div class=\"top-bar__collapse\"><nav id=\"top-bar__navigation\" class=\"top-bar__navigation\"><ul class=\"nav-menu align-to-right\"><li id=\"menu-item-6272\" class=\"menu-item menu-item-type-post_type menu-item-object-page menu-item-home nt-first-menu-item menu-item-6272\"><a href=\"https:\/\/bukizi.com\/\">Trang ch\u1ee7<\/a><\/li>\n<li id=\"menu-item-6442\" class=\"menu-item menu-item-type-post_type menu-item-object-page menu-item-6442\"><a href=\"https:\/\/bukizi.com\/?page_id=1105\">Gi\u1ea3i ph\u00e1p<\/a><\/li>\n<li id=\"menu-item-6441\" class=\"menu-item menu-item-type-post_type menu-item-object-page current_page_parent menu-item-6441\"><a href=\"https:\/\/bukizi.com\/?page_id=16\">Tin t\u1ee9c<\/a><\/li>\n<li id=\"menu-item-6577\" class=\"menu-item menu-item-type-post_type menu-item-object-page nt-last-menu-item menu-item-6577\"><a href=\"https:\/\/bukizi.com\/?page_id=1657\">Li\u00ean h\u1ec7<\/a><\/li>\n<\/ul><\/nav><div id=\"top-bar__action\" class=\"top-bar__action\"><div class=\"d-xl-flex flex-xl-row flex-xl-wrap align-items-xl-center\"><div class=\"top-bar__auth-btns\"><a class=\"btn-first\"  href=\"https:\/\/partner.bukizi.com\/sign-up\" target=\"_blank\" title=\"\u0110\u0103ng k\u00fd t\u00e0i kho\u1ea3n\">\u0110\u0103ng k\u00fd t\u00e0i kho\u1ea3n<\/a><a class=\"btn-sceond custom-btn custom-btn--medium custom-btn--style-5\" href=\"https:\/\/bukizi.com\/?page_id=1086\" title=\"How It Works\">B\u1eaft \u0111\u1ea7u d\u00f9ng th\u1eed<\/a><\/div><\/div><\/div><\/div><\/div><\/div><\/div><\/header>[\/vc_column][\/vc_row][vc_row][vc_column][\/vc_column][\/vc_row][vc_row full_width=&#8221;fullwidth&#8221; techland_align_items=&#8221;center&#8221; techland_lg_align_items=&#8221;&#8221; techland_md_align_items=&#8221;&#8221; techland_sm_align_items=&#8221;&#8221;][vc_column]<div id=\"hero\" class=\"hero breadcrumb-section jarallax text-center\" data-img-src=\"https:\/\/bukizi.com\/wp-content\/uploads\/2019\/05\/1-1-1.jpg\" data-res-css=\".nt-hero-subtitle.__subtitle{color:#fcc92f!important;font-size:50px;}.hero__title span{font-size:60px;}\"><div class=\"container\"><h1 class=\"hero__title\"><span>Ch\u00ednh s\u00e1ch b\u1ea3o m\u1eadt<\/span><\/h1><\/div><\/div>[\/vc_column][\/vc_row][vc_row][vc_column css=&#8221;.vc_custom_1611730661194{padding-top: 50px !important;}&#8221;][vc_row_inner][vc_column_inner][\/vc_column_inner][\/vc_row_inner][vc_column_text]<span style=\"font-size: 18pt;\"><span style=\"font-size: 12pt;\">[vc_row][vc_column width=&#8221;1\/1&#8243;][vc_column_text]<\/span><strong>I. M\u1ee5c \u0111\u00edch v\u00e0 ph\u1ea1m vi thu th\u1eadp th\u00f4ng tin<\/strong><\/span><\/p>\n<p><span style=\"font-size: 12pt;\">BUKIZI kh\u00f4ng b\u00e1n, chia s\u1ebb hay trao \u0111\u1ed5i th\u00f4ng tin c\u00e1 nh\u00e2n c\u1ee7a kh\u00e1ch h\u00e0ng thu th\u1eadp tr\u00ean website v\u00e0 h\u1ec7 th\u1ed1ng cho m\u1ed9t b\u00ean th\u1ee9 ba n\u00e0o kh\u00e1c.<\/span><\/p>\n<p><span style=\"font-size: 12pt;\">Th\u00f4ng tin c\u00e1 nh\u00e2n thu th\u1eadp \u0111\u01b0\u1ee3c s\u1ebd ch\u1ec9 \u0111\u01b0\u1ee3c s\u1eed d\u1ee5ng trong n\u1ed9i b\u1ed9 c\u00f4ng ty.<\/span><\/p>\n<p><span style=\"font-size: 12pt;\"><em>Khi kh\u00e1ch h\u00e0ng li\u00ean h\u1ec7 \u0111\u0103ng k\u00fd d\u1ecbch v\u1ee5, th\u00f4ng tin c\u00e1 nh\u00e2n m\u00e0 BUKIZI thu th\u1eadp bao g\u1ed3m:<\/em><\/span><\/p>\n<ul>\n<li style=\"list-style-type: none;\">\n<ul>\n<li style=\"list-style-type: none;\">\n<ul>\n<li style=\"list-style-type: none;\">\n<ul style=\"list-style-type: disc;\">\n<li><span style=\"font-size: 12pt;\">H\u1ecd v\u00e0 t\u00ean<\/span><\/li>\n<li><span style=\"font-size: 12pt;\">\u0110\u1ecba ch\u1ec9<\/span><\/li>\n<li><span style=\"font-size: 12pt;\">\u0110i\u1ec7n tho\u1ea1i<\/span><\/li>\n<li><span style=\"font-size: 12pt;\">E-mail<\/span><\/li>\n<\/ul>\n<\/li>\n<\/ul>\n<\/li>\n<\/ul>\n<\/li>\n<\/ul>\n<p><span style=\"font-size: 12pt;\"><em>Ngo\u00e0i th\u00f4ng tin c\u00e1 nh\u00e2n l\u00e0 c\u00e1c th\u00f4ng tin v\u1ec1 d\u1ecbch v\u1ee5:<\/em><\/span><\/p>\n<ul>\n<li style=\"list-style-type: none;\">\n<ul>\n<li style=\"list-style-type: none;\">\n<ul>\n<li style=\"list-style-type: none;\">\n<ul style=\"list-style-type: disc;\">\n<li><span style=\"font-size: 12pt;\">T\u00ean d\u1ecbch v\u1ee5<\/span><\/li>\n<li><span style=\"font-size: 12pt;\">S\u1ed1 l\u01b0\u1ee3ng<\/span><\/li>\n<li><span style=\"font-size: 12pt;\">Th\u1eddi gian b\u00e0n giao d\u1ecbch v\u1ee5<\/span><\/li>\n<\/ul>\n<\/li>\n<\/ul>\n<\/li>\n<\/ul>\n<\/li>\n<\/ul>\n<p>&nbsp;<\/p>\n<p><span style=\"font-size: 18pt;\"><strong>II. Ph\u1ea1m vi s\u1eed d\u1ee5ng th\u00f4ng tin<\/strong><\/span><\/p>\n<p><span style=\"font-size: 12pt;\">Th\u00f4ng tin c\u00e1 nh\u00e2n thu th\u1eadp \u0111\u01b0\u1ee3c s\u1ebd ch\u1ec9 \u0111\u01b0\u1ee3c BUKIZI s\u1eed d\u1ee5ng trong n\u1ed9i b\u1ed9 c\u00f4ng ty v\u00e0 cho m\u1ed9t ho\u1eb7c t\u1ea5t c\u1ea3 c\u00e1c m\u1ee5c \u0111\u00edch sau \u0111\u00e2y:<\/span><\/p>\n<ul>\n<li style=\"list-style-type: none;\">\n<ul style=\"list-style-type: disc;\">\n<li><span style=\"font-size: 12pt;\">H\u1ed7 tr\u1ee3 kh\u00e1ch h\u00e0ng<\/span><\/li>\n<li><span style=\"font-size: 12pt;\">Cung c\u1ea5p th\u00f4ng tin li\u00ean quan \u0111\u1ebfn d\u1ecbch v\u1ee5<\/span><\/li>\n<li><span style=\"font-size: 12pt;\">X\u1eed l\u00fd \u0111\u01a1n \u0111\u1eb7t h\u00e0ng v\u00e0 cung c\u1ea5p d\u1ecbch v\u1ee5 v\u00e0 th\u00f4ng tin qua trang web c\u1ee7a ch\u00fang t\u00f4i theo y\u00eau c\u1ea7u c\u1ee7a kh\u00e1ch h\u00e0ng<\/span><\/li>\n<li><span style=\"font-size: 12pt;\">Ch\u00fang t\u00f4i c\u00f3 th\u1ec3 s\u1ebd g\u1eedi th\u00f4ng tin s\u1ea3n ph\u1ea9m, d\u1ecbch v\u1ee5 m\u1edbi, th\u00f4ng tin v\u1ec1 c\u00e1c s\u1ef1 ki\u1ec7n s\u1eafp t\u1edbi ho\u1eb7c th\u00f4ng tin tuy\u1ec3n d\u1ee5ng n\u1ebfu qu\u00fd kh\u00e1ch \u0111\u0103ng k\u00fd nh\u1eadn e-mail th\u00f4ng b\u00e1o<\/span><\/li>\n<li><span style=\"font-size: 12pt;\">Ngo\u00e0i ra, ch\u00fang t\u00f4i s\u1ebd s\u1eed d\u1ee5ng th\u00f4ng tin qu\u00fd kh\u00e1ch cung c\u1ea5p \u0111\u1ec3 h\u1ed7 tr\u1ee3 qu\u1ea3n l\u00fd t\u00e0i kho\u1ea3n kh\u00e1ch h\u00e0ng, x\u00e1c nh\u1eadn v\u00e0 th\u1ef1c hi\u1ec7n c\u00e1c giao d\u1ecbch t\u00e0i ch\u00ednh li\u00ean quan \u0111\u1ebfn c\u00e1c kho\u1ea3n thanh to\u00e1n tr\u1ef1c tuy\u1ebfn c\u1ee7a kh\u00e1ch h\u00e0ng.<\/span><\/li>\n<\/ul>\n<\/li>\n<\/ul>\n<p>&nbsp;<\/p>\n<p><span style=\"font-size: 18pt;\"><strong>III. Th\u1eddi gian l\u01b0u tr\u1eef th\u00f4ng tin<\/strong><\/span><\/p>\n<p><span style=\"font-size: 12pt;\">\u0110\u1ed1i v\u1edbi th\u00f4ng tin c\u00e1 nh\u00e2n, BUKIZI ch\u1ec9 x\u00f3a \u0111i d\u1eef li\u1ec7u n\u00e0y n\u1ebfu kh\u00e1ch h\u00e0ng c\u00f3 y\u00eau c\u1ea7u, kh\u00e1ch h\u00e0ng y\u00eau c\u1ea7u g\u1eedi mail v\u1ec1 <strong><b>info@stgsolution.com<\/b><\/strong>.<\/span><\/p>\n<p>&nbsp;<\/p>\n<p><span style=\"font-size: 18pt;\"><strong>IV. \u0110\u1ecba ch\u1ec9 c\u1ee7a \u0111\u01a1n v\u1ecb thu th\u1eadp v\u00e0 qu\u1ea3n l\u00fd th\u00f4ng tin c\u00e1 nh\u00e2n<\/strong><\/span><\/p>\n<p><span style=\"font-size: 12pt;\"><strong>C\u00f4ng ty CP Gi\u1ea3i ph\u00e1p V\u1ea1n v\u1eadt k\u1ebft n\u1ed1i STG<\/strong><\/span><\/p>\n<p style=\"padding-left: 40px;\"><span style=\"font-size: 12pt;\"><strong>\u0110\u1ecba ch\u1ec9:<\/strong> T\u1ea7ng 1, \u0110\u01a1n nguy\u00ean A, to\u00e0 nh\u00e0 Licogi 13, s\u1ed1 164 Khu\u1ea5t Duy Ti\u1ebfn, ph\u01b0\u1eddng Nh\u00e2n Ch\u00ednh, qu\u1eadn Thanh Xu\u00e2n, H\u00e0 N\u1ed9i<\/span><\/p>\n<p style=\"padding-left: 40px;\"><span style=\"font-size: 12pt;\"><strong>VPGD:<\/strong> T\u1ea7ng 7, t\u00f2a nh\u00e0 V.E.T, 98 Ho\u00e0ng Qu\u1ed1c Vi\u1ec7t, ph\u01b0\u1eddng Ngh\u0129a \u0110\u00f4, qu\u1eadn C\u1ea7u Gi\u1ea5y, H\u00e0 N\u1ed9i<\/span><\/p>\n<p style=\"padding-left: 40px;\"><span style=\"font-size: 12pt;\"><strong>\u0110i\u1ec7n tho\u1ea1i:<\/strong> 0899 196 169<\/span><\/p>\n<p style=\"padding-left: 40px;\"><span style=\"font-size: 12pt;\"><strong>Website<\/strong>: www.bukizi.com<\/span><\/p>\n<p style=\"padding-left: 40px;\"><span style=\"font-size: 12pt;\"><strong>Email:<\/strong> info@stgsolution.com<\/span><\/p>\n<p><span style=\"font-size: 18pt;\"><strong>V. Ph\u01b0\u01a1ng ti\u1ec7n v\u00e0 c\u00f4ng c\u1ee5 \u0111\u1ec3 ng\u01b0\u1eddi d\u00f9ng ti\u1ebfp c\u1eadn v\u00e0 ch\u1ec9nh s\u1eeda d\u1eef li\u1ec7u c\u00e1 nh\u00e2n c\u1ee7a m\u00ecnh<\/strong><\/span><\/p>\n<p><span style=\"font-size: 12pt;\">BUKIZI kh\u00f4ng thu th\u1eadp th\u00f4ng tin kh\u00e1ch h\u00e0ng qua trang web, th\u00f4ng tin c\u00e1 nh\u00e2n kh\u00e1ch h\u00e0ng \u0111\u01b0\u1ee3c th\u1ef1c hi\u1ec7n thu th\u1eadp qua e-mail li\u00ean h\u1ec7 \u0111\u1eb7t mua s\u1ea3n ph\u1ea9m, d\u1ecbch v\u1ee5 g\u1eedi v\u1ec1 h\u1ed9p mail c\u1ee7a ch\u00fang t\u00f4i: <strong><b>info@stgsolution.com<\/b><\/strong>\u00a0ho\u1eb7c s\u1ed1 \u0111i\u1ec7n tho\u1ea1i li\u00ean h\u1ec7 \u0111\u1eb7t mua s\u1ea3n ph\u1ea9m g\u1ecdi v\u1ec1 <strong><b>0899 196 169<\/b><\/strong>.<\/span><\/p>\n<p><span style=\"font-size: 12pt;\">B\u1ea1n c\u00f3 th\u1ec3 li\u00ean h\u1ec7 \u0111\u1ecba ch\u1ec9 e-mail c\u00f9ng s\u1ed1 \u0111i\u1ec7n tho\u1ea1i tr\u00ean \u0111\u1ec3 y\u00eau c\u1ea7u BUKIZI ch\u1ec9nh s\u1eeda d\u1eef li\u1ec7u c\u00e1 nh\u00e2n c\u1ee7a m\u00ecnh.<\/span><\/p>\n<p>&nbsp;<\/p>\n<p><span style=\"font-size: 18pt;\"><strong>VI. Cam k\u1ebft b\u1ea3o m\u1eadt th\u00f4ng tin c\u00e1 nh\u00e2n kh\u00e1ch h\u00e0ng<\/strong><\/span><\/p>\n<p><span style=\"font-size: 12pt;\"><em>T\u1ea1i BUKIZI, vi\u1ec7c b\u1ea3o v\u1ec7 th\u00f4ng tin c\u00e1 nh\u00e2n c\u1ee7a b\u1ea1n l\u00e0 r\u1ea5t quan tr\u1ecdng, b\u1ea1n \u0111\u01b0\u1ee3c \u0111\u1ea3m b\u1ea3o r\u1eb1ng th\u00f4ng tin cung c\u1ea5p cho ch\u00fang t\u00f4i s\u1ebd \u0111\u01b0\u1ee3c m\u1eadt. BUKIZI cam k\u1ebft kh\u00f4ng chia s\u1ebb, b\u00e1n ho\u1eb7c cho thu\u00ea th\u00f4ng tin c\u00e1 nh\u00e2n c\u1ee7a b\u1ea1n cho b\u1ea5t k\u1ef3 ng\u01b0\u1eddi n\u00e0o kh\u00e1c. BUKIZI cam k\u1ebft ch\u1ec9 s\u1eed d\u1ee5ng c\u00e1c th\u00f4ng tin c\u1ee7a b\u1ea1n v\u00e0o c\u00e1c tr\u01b0\u1eddng h\u1ee3p sau:<\/em><\/span><\/p>\n<ul>\n<li style=\"list-style-type: none;\">\n<ul style=\"list-style-type: disc;\">\n<li><span style=\"font-size: 12pt;\">N\u00e2ng cao ch\u1ea5t l\u01b0\u1ee3ng d\u1ecbch v\u1ee5 d\u00e0nh cho kh\u00e1ch h\u00e0ng<\/span><\/li>\n<li><span style=\"font-size: 12pt;\">Gi\u1ea3i quy\u1ebft c\u00e1c tranh ch\u1ea5p, khi\u1ebfu n\u1ea1i<\/span><\/li>\n<li><span style=\"font-size: 12pt;\">Khi c\u01a1 quan ph\u00e1p lu\u1eadt c\u00f3 y\u00eau c\u1ea7u.<\/span><\/li>\n<\/ul>\n<\/li>\n<\/ul>\n<p><span style=\"font-size: 12pt;\">BUKIZI hi\u1ec3u r\u1eb1ng quy\u1ec1n l\u1ee3i c\u1ee7a b\u1ea1n trong vi\u1ec7c b\u1ea3o v\u1ec7 th\u00f4ng tin c\u00e1 nh\u00e2n c\u0169ng ch\u00ednh l\u00e0 tr\u00e1ch nhi\u1ec7m c\u1ee7a ch\u00fang t\u00f4i n\u00ean trong b\u1ea5t k\u1ef3 tr\u01b0\u1eddng h\u1ee3p c\u00f3 th\u1eafc m\u1eafc, g\u00f3p \u00fd n\u00e0o li\u00ean quan \u0111\u1ebfn ch\u00ednh s\u00e1ch b\u1ea3o m\u1eadt c\u1ee7a BUKIZI, vui l\u00f2ng li\u00ean h\u1ec7 qua s\u1ed1 hotline <strong><b>0899 196 169 <\/b><\/strong>ho\u1eb7c e-mail: <strong><b>info@stgsolution.com<\/b><\/strong>.<\/span>[\/vc_column_text][\/vc_column][\/vc_row][vc_row][vc_column]<div class=\"spacer py-2\"><\/div>[\/vc_column][\/vc_row]<\/p>\n","protected":false},"excerpt":{"rendered":"<p>[vc_row full_width=&#8221;fullwidth&#8221; techland_align_items=&#8221;&#8221; techland_lg_align_items=&#8221;&#8221; techland_md_align_items=&#8221;&#8221; techland_sm_align_items=&#8221;&#8221;][vc_column][\/vc_column][\/vc_row][vc_row][vc_column][\/vc_column][\/vc_row][vc_row full_width=&#8221;fullwidth&#8221; techland_align_items=&#8221;center&#8221; techland_lg_align_items=&#8221;&#8221; techland_md_align_items=&#8221;&#8221; techland_sm_align_items=&#8221;&#8221;][vc_column][\/vc_column][\/vc_row][vc_row][vc_column css=&#8221;.vc_custom_1611730661194{padding-top: 50px !important;}&#8221;][vc_row_inner][vc_column_inner][\/vc_column_inner][\/vc_row_inner][vc_column_text][vc_row][vc_column width=&#8221;1\/1&#8243;][vc_column_text]I. M\u1ee5c \u0111\u00edch v\u00e0 ph\u1ea1m vi thu th\u1eadp th\u00f4ng tin BUKIZI kh\u00f4ng b\u00e1n, chia s\u1ebb hay trao \u0111\u1ed5i th\u00f4ng tin c\u00e1 nh\u00e2n c\u1ee7a kh\u00e1ch h\u00e0ng thu th\u1eadp tr\u00ean website v\u00e0 h\u1ec7 th\u1ed1ng cho m\u1ed9t b\u00ean th\u1ee9 ba n\u00e0o kh\u00e1c. Th\u00f4ng tin&#8230;<\/p>\n","protected":false},"author":1,"featured_media":0,"parent":0,"menu_order":0,"comment_status":"closed","ping_status":"closed","template":"custom-page.php","meta":{"kk_blocks_editor_width":"","_kiokenblocks_attr":"","_kiokenblocks_dimensions":""},"featured_image_urls":{"full":"","thumbnail":"","medium":"","medium_large":"","large":"","1536x1536":"","2048x2048":"","the_grid_size1":"","the_grid_size2":"","the_grid_size3":"","the_grid_size4":"","the_grid_size5":"","woocommerce_thumbnail":"","woocommerce_single":"","woocommerce_gallery_thumbnail":"","shop_catalog":"","shop_single":"","shop_thumbnail":""},"post_excerpt_stackable":"<p>[vc_row full_width=&#8221;fullwidth&#8221; techland_align_items=&#8221;&#8221; techland_lg_align_items=&#8221;&#8221; techland_md_align_items=&#8221;&#8221; techland_sm_align_items=&#8221;&#8221;][vc_column]Trang ch\u1ee7 Gi\u1ea3i ph\u00e1p Tin t\u1ee9c Li\u00ean h\u1ec7 \u0110\u0103ng k\u00fd t\u00e0i kho\u1ea3nB\u1eaft \u0111\u1ea7u d\u00f9ng th\u1eed[\/vc_column][\/vc_row][vc_row][vc_column][\/vc_column][\/vc_row][vc_row full_width=&#8221;fullwidth&#8221; techland_align_items=&#8221;center&#8221; techland_lg_align_items=&#8221;&#8221; techland_md_align_items=&#8221;&#8221; techland_sm_align_items=&#8221;&#8221;][vc_column]Ch\u00ednh s\u00e1ch b\u1ea3o m\u1eadt[\/vc_column][\/vc_row][vc_row][vc_column css=&#8221;.vc_custom_1611730661194{padding-top: 50px !important;}&#8221;][vc_row_inner][vc_column_inner][\/vc_column_inner][\/vc_row_inner][vc_column_text][vc_row][vc_column width=&#8221;1\/1&#8243;][vc_column_text]I. M\u1ee5c \u0111\u00edch v\u00e0 ph\u1ea1m vi thu th\u1eadp th\u00f4ng tin BUKIZI kh\u00f4ng b\u00e1n, chia s\u1ebb hay trao \u0111\u1ed5i th\u00f4ng tin c\u00e1 nh\u00e2n c\u1ee7a kh\u00e1ch h\u00e0ng thu th\u1eadp tr\u00ean website v\u00e0 h\u1ec7 th\u1ed1ng cho m\u1ed9t b\u00ean th\u1ee9 ba n\u00e0o kh\u00e1c. Th\u00f4ng tin c\u00e1 nh\u00e2n thu th\u1eadp \u0111\u01b0\u1ee3c s\u1ebd ch\u1ec9 \u0111\u01b0\u1ee3c s\u1eed d\u1ee5ng trong n\u1ed9i b\u1ed9 c\u00f4ng ty. Khi kh\u00e1ch h\u00e0ng li\u00ean h\u1ec7 \u0111\u0103ng k\u00fd d\u1ecbch v\u1ee5, th\u00f4ng tin c\u00e1 nh\u00e2n&hellip;<\/p>\n","category_list":"","author_info":{"name":"admin","url":"https:\/\/bukizi.com\/?author=1"},"comments_num":"0 comments","_links":{"self":[{"href":"https:\/\/bukizi.com\/index.php?rest_route=\/wp\/v2\/pages\/6895"}],"collection":[{"href":"https:\/\/bukizi.com\/index.php?rest_route=\/wp\/v2\/pages"}],"about":[{"href":"https:\/\/bukizi.com\/index.php?rest_route=\/wp\/v2\/types\/page"}],"author":[{"embeddable":true,"href":"https:\/\/bukizi.com\/index.php?rest_route=\/wp\/v2\/users\/1"}],"replies":[{"embeddable":true,"href":"https:\/\/bukizi.com\/index.php?rest_route=%2Fwp%2Fv2%2Fcomments&post=6895"}],"version-history":[{"count":19,"href":"https:\/\/bukizi.com\/index.php?rest_route=\/wp\/v2\/pages\/6895\/revisions"}],"predecessor-version":[{"id":6903,"href":"https:\/\/bukizi.com\/index.php?rest_route=\/wp\/v2\/pages\/6895\/revisions\/6903"}],"wp:attachment":[{"href":"https:\/\/bukizi.com\/index.php?rest_route=%2Fwp%2Fv2%2Fmedia&parent=6895"}],"curies":[{"name":"wp","href":"https:\/\/api.w.org\/{rel}","templated":true}]}}