{"id":1266,"date":"2019-05-28T22:33:06","date_gmt":"2019-05-28T22:33:06","guid":{"rendered":"https:\/\/ninetheme.com\/themes\/techland\/?page_id=1266"},"modified":"2020-09-17T06:44:48","modified_gmt":"2020-09-17T06:44:48","slug":"about","status":"publish","type":"page","link":"https:\/\/bukizi.com\/?page_id=1266","title":{"rendered":"About Us"},"content":{"rendered":"<p>[vc_row full_width=&#8221;fullwidth&#8221; techland_align_items=&#8221;&#8221; techland_lg_align_items=&#8221;&#8221; techland_md_align_items=&#8221;&#8221; techland_sm_align_items=&#8221;&#8221;][vc_column]<header id=\"top-bar\" class=\"top-bar top-bar--light nt-shortcode-header\" data-nav-anchor=\"true\" data-res-css=\"                #nt-logo.top-bar__logo.site-logo img { width:121px; } #nt-logo.top-bar__logo.site-logo img { height:45px; }  \"><div class=\"top-bar__inner\"><div class=\"container-fluid\"><div class=\"row align-items-center no-gutters\"><a href=\"https:\/\/bukizi.com\/\" id=\"nt-logo\" class=\"top-bar__logo site-logo\"><img src=\"https:\/\/bukizi.com\/wp-content\/uploads\/2020\/09\/Asset-2@4x3.png\" alt=\"Bukizi\" class=\"img-fluid main-logo\" \/><\/a><a id=\"top-bar__navigation-toggler\" class=\"top-bar__navigation-toggler\" href=\"javascript:void(0);\"><span><\/span><\/a><div class=\"top-bar__collapse\"><nav id=\"top-bar__navigation\" class=\"top-bar__navigation\"><ul class=\"nav-menu align-to-right\"><li id=\"menu-item-6272\" class=\"menu-item menu-item-type-post_type menu-item-object-page menu-item-home nt-first-menu-item menu-item-6272\"><a href=\"https:\/\/bukizi.com\/\">Trang ch\u1ee7<\/a><\/li>\n<li id=\"menu-item-6442\" class=\"menu-item menu-item-type-post_type menu-item-object-page menu-item-6442\"><a href=\"https:\/\/bukizi.com\/?page_id=1105\">Gi\u1ea3i ph\u00e1p<\/a><\/li>\n<li id=\"menu-item-6441\" class=\"menu-item menu-item-type-post_type menu-item-object-page current_page_parent menu-item-6441\"><a href=\"https:\/\/bukizi.com\/?page_id=16\">Tin t\u1ee9c<\/a><\/li>\n<li id=\"menu-item-6577\" class=\"menu-item menu-item-type-post_type menu-item-object-page nt-last-menu-item menu-item-6577\"><a href=\"https:\/\/bukizi.com\/?page_id=1657\">Li\u00ean h\u1ec7<\/a><\/li>\n<\/ul><\/nav><div id=\"top-bar__action\" class=\"top-bar__action\"><div class=\"d-xl-flex flex-xl-row flex-xl-wrap align-items-xl-center\"><div class=\"top-bar__auth-btns\"><a class=\"btn-first\"  href=\"https:\/\/partner.bukizi.com\/sign-up\" target=\"_blank\" title=\"\u0110\u0103ng k\u00fd t\u00e0i kho\u1ea3n\">\u0110\u0103ng k\u00fd t\u00e0i kho\u1ea3n<\/a><a class=\"btn-sceond custom-btn custom-btn--medium custom-btn--style-5\" href=\"https:\/\/bukizi.com\/?page_id=1086\" target=\"_blank\" title=\"How It Works\">B\u1eaft \u0111\u1ea7u d\u00f9ng th\u1eed<\/a><\/div><\/div><\/div><\/div><\/div><\/div><\/div><\/header>[\/vc_column][\/vc_row][vc_row full_width=&#8221;fullwidth&#8221; techland_align_items=&#8221;&#8221; techland_lg_align_items=&#8221;&#8221; techland_md_align_items=&#8221;&#8221; techland_sm_align_items=&#8221;&#8221;][vc_column]<div id=\"hero\" class=\"hero breadcrumb-section jarallax text-center\" data-img-src=\"https:\/\/bukizi.com\/wp-content\/uploads\/2019\/05\/1-1-1.jpg\" data-res-css=\"\"><div class=\"container\"><h1 class=\"hero__title\"><span>\u0110\u01a1n gi\u1ea3n k\u1ebft n\u1ed1i \u0110\u00e0o t\u1ea1o Vi\u1ec7t Nam<\/span><\/h1><p class=\"nt-hero-description\">Trong th\u1eddi \u0111\u1ea1i s\u1ed1 4.0, k\u1ebft n\u1ed1i tr\u1edf th\u00e0nh ch\u00eca kho\u00e1 c\u1ee7a th\u00e0nh c\u00f4ng. Tuy nhi\u00ean hi\u1ec7n t\u1ea1i chi ph\u00ed v\u00e0 ngu\u1ed3n l\u1ef1c \u0111ang c\u1ea3n tr\u1edf c\u00e1c Trung t\u00e2m v\u1eeba v\u00e0 nh\u1ecf, c\u00e1c nh\u00f3m \u0110\u00e0o t\u1ea1o, c\u00e1c gi\u1ea3ng vi\u00ean t\u1ef1 do ti\u1ebfp c\u1eadn chi\u1ebfc ch\u00eca kho\u00e1 n\u00e0y.<\/p>\n<p>S\u1ee9 m\u1ec7nh c\u1ee7a Bukizi l\u00e0 k\u1ebft n\u1ed1i c\u00e1c Trung t\u00e2m, nh\u00f3m \u0110\u00e0o t\u1ea1o \u0111\u1ebfn g\u1ea7n h\u1ecdc vi\u00ean nh\u1ea5t, ti\u1ebfp c\u1eadn h\u1ecdc vi\u00ean v\u00e0 gia t\u0103ng ch\u1ea5t l\u01b0\u1ee3ng \u0111\u00e0o t\u1ea1o \u0111\u1ec3 gi\u1eef ch\u00e2n h\u1ecdc vi\u00ean, ti\u1ebfn \u0111\u1ebfn ph\u00e1t tri\u1ec3n b\u1ec1n v\u1eefng.<\/p><\/div><\/div>[\/vc_column][\/vc_row][vc_row full_width=&#8221;stretch&#8221; rtl_reverse=&#8221;flex-md-row-reverse&#8221; techland_align_items=&#8221;&#8221; techland_lg_align_items=&#8221;&#8221; techland_md_align_items=&#8221;&#8221; techland_sm_align_items=&#8221;&#8221; spacing_toggle=&#8221;yes&#8221; techland_prepadtop=&#8221;section&#8221; el_id=&#8221;about-us-1&#8243;][vc_column offset=&#8221;vc_col-md-6 vc_col-xs-12&#8243;]<div class=\"section-heading  section-heading--dark \"><h6 class=\"__subtitle\">KH\u00c1CH H\u00c0NG<\/h6><h2 class=\"__title\">T\u1ef1 h\u00e0o \u0110\u1ed3ng h\u00e0nh<br><span> c\u00f9ng c\u00e1c C\u01a1 s\u1edf \u0110\u00e0o t\u1ea1o<\/span><\/h2><\/div><div class=\"spacer py-3\"><\/div>[vc_column_text]Th\u1eed th\u00e1ch lu\u00f4n l\u00e0 \u0111\u1ed9ng l\u1ef1c l\u1edbn \u0111\u1ec3 ch\u00fang t\u00f4i \u0111\u1ed3ng h\u00e0nh c\u00f9ng c\u00e1c c\u01a1 s\u1edf \u0110\u00e0o t\u1ea1o, ch\u00ednh v\u00ec th\u1ebf Bukizi lu\u00f4n b\u1eaft \u0111\u1ea7u b\u1eb1ng vi\u1ec7c <strong>HI\u1ec2U<\/strong> kh\u00e1ch h\u00e0ng.<\/p>\n<p>Tr\u00ean nh\u1eefng nhu c\u1ea7u th\u1ef1c t\u1ebf, Bukizi c\u00f9ng kh\u00e1ch h\u00e0ng l\u00ean k\u1ebf ho\u1ea1ch muc ti\u00eau v\u00e0 \u0111\u1ed3ng h\u00e0nh\u00a0<strong>TRI\u1ec2N KHAI<\/strong> c\u00f9ng kh\u00e1ch h\u00e0ng.<\/p>\n<p>Bukizi lu\u00f4n d\u00f5i theo v\u00e0 t\u1ef1 h\u00e0o g\u00f3p ph\u1ea7n v\u00e0o m\u1ed7i b\u01b0\u1edbc ph\u00e1t tri\u1ec3n c\u1ee7a t\u1eebng c\u01a1 s\u1edf \u0110\u00e0o t\u1ea1o.[\/vc_column_text]<div class=\"spacer py-4 d-md-none\"><\/div>[\/vc_column][vc_column techland_alignment=&#8221;text-center&#8221; techland_md_alignment=&#8221;text-md-left&#8221; css_animation=&#8221;none&#8221; offset=&#8221;vc_col-md-6 vc_col-xs-12&#8243;]<figure class=\"image-container js-tilt\" data-tilt-speed=\"600\" data-tilt-max=\"15\" data-tilt-perspective=\"700\"><img class=\"img-fluid\" width=\"381\" height=\"424\" src=\"https:\/\/bukizi.com\/wp-content\/uploads\/2019\/05\/img_1-1.png\"data-srcset=\"https:\/\/bukizi.com\/wp-content\/uploads\/2019\/05\/img_1-1.png 1x, https:\/\/bukizi.com\/wp-content\/uploads\/2019\/05\/img_1@2x-1.png 2x\" alt=\"Demo\" \/><\/figure>[\/vc_column][vc_column]<div class=\"spacer py-9\"><\/div>[vc_row_inner content_sm_placement=&#8221;justify-content-sm-around&#8221; techland_align_items=&#8221;align-items-center&#8221; techland_lg_align_items=&#8221;&#8221; techland_md_align_items=&#8221;&#8221; techland_sm_align_items=&#8221;&#8221; css=&#8221;.vc_custom_1558361283045{margin-bottom: -30px !important;}&#8221;][vc_column_inner width=&#8221;1\/5&#8243; offset=&#8221;vc_col-xs-6&#8243;][vc_single_image image=&#8221;98&#8243; img_size=&#8221;127&#215;60&#8243; alignment=&#8221;center&#8221; el_class=&#8221;has-opacity&#8221; css=&#8221;.vc_custom_1557278265574{margin-bottom: 30px !important;}&#8221;][\/vc_column_inner][vc_column_inner width=&#8221;1\/5&#8243; offset=&#8221;vc_col-xs-6&#8243;][vc_single_image image=&#8221;99&#8243; img_size=&#8221;100&#215;89&#8243; alignment=&#8221;center&#8221; el_class=&#8221;has-opacity&#8221; css=&#8221;.vc_custom_1557278271921{margin-bottom: 30px !important;}&#8221;][\/vc_column_inner][vc_column_inner width=&#8221;1\/5&#8243; offset=&#8221;vc_col-xs-6&#8243;][vc_single_image image=&#8221;100&#8243; img_size=&#8221;126&#215;64&#8243; alignment=&#8221;center&#8221; el_class=&#8221;has-opacity&#8221; css=&#8221;.vc_custom_1557278279086{margin-bottom: 30px !important;}&#8221;][\/vc_column_inner][vc_column_inner width=&#8221;1\/5&#8243; offset=&#8221;vc_col-xs-6&#8243;][vc_single_image image=&#8221;97&#8243; img_size=&#8221;132&#215;47&#8243; alignment=&#8221;center&#8221; el_class=&#8221;has-opacity&#8221; css=&#8221;.vc_custom_1557278287378{margin-bottom: 30px !important;}&#8221;][\/vc_column_inner][vc_column_inner width=&#8221;1\/5&#8243; offset=&#8221;vc_col-xs-12&#8243;][vc_single_image image=&#8221;96&#8243; img_size=&#8221;120&#215;78&#8243; alignment=&#8221;center&#8221; el_class=&#8221;has-opacity&#8221; css=&#8221;.vc_custom_1557278388827{margin-bottom: 30px !important;}&#8221;][\/vc_column_inner][\/vc_row_inner][\/vc_column][\/vc_row][vc_row full_width=&#8221;stretch&#8221; rtl_reverse=&#8221;flex-lg-row-reverse&#8221; techland_align_items=&#8221;&#8221; techland_lg_align_items=&#8221;&#8221; techland_md_align_items=&#8221;&#8221; techland_sm_align_items=&#8221;&#8221; spacing_toggle=&#8221;yes&#8221; techland_prepadtop=&#8221;section&#8221; el_id=&#8221;about-us-3&#8243;][vc_column techland_xs_alignment=&#8221;text-xs-center&#8221; offset=&#8221;vc_col-lg-6 vc_col-xs-12&#8243;]<div class=\"section-heading  section-heading--dark \"><h6 class=\"__subtitle\">S\u1ea2N PH\u1ea8M<\/h6><h2 class=\"__title\">Ti\u00ean phong<span> v\u1ec1 K\u1ebft n\u1ed1i \u0110\u00e0o t\u1ea1o<\/span><\/h2><\/div><div class=\"spacer py-2\"><\/div>[vc_column_text]N\u1ec1n t\u1ea3ng k\u1ebft n\u1ed1i \u0111a k\u00eanh l\u00e0 m\u1ed9t kh\u00e1i ni\u1ec7m kh\u00e1 m\u1edbi tr\u00ean th\u1ebf gi\u1edbi, v\u1edbi ph\u00e1t tri\u1ec3n m\u1ea1nh ch\u1ee7 y\u1ebfu \u1edf th\u1ecb tr\u01b0\u1eddng th\u01b0\u01a1ng m\u1ea1i \u0111i\u1ec7n t\u1eed (e-commerce) \u0111\u1ec3 h\u1ed7 tr\u1ee3 b\u00e1n h\u00e0ng. Ti\u1ebfp n\u1ed1i xu th\u1ebf n\u00e0y trong l\u0129nh v\u1ef1c \u0110\u00e0o t\u1ea1o, Bukizi t\u1ef1 h\u00e0o l\u00e0 m\u1ed9t trong nh\u1eefng n\u1ec1n t\u1ea3ng ti\u00ean phong tri\u1ec3n khai k\u1ebft n\u1ed1i \u0111a k\u00eanh t\u1ed1i \u01b0u ri\u00eang cho l\u0129nh v\u1ef1c \u0110\u00e0o t\u1ea1o t\u1ea1i Vi\u1ec7t Nam.<\/p>\n<p>V\u1edbi \u0111\u1ecbnh h\u01b0\u1edbng ph\u00e1t tri\u1ec3n xoay quanh s\u1ea3n ph\u1ea9m (product-led growth), Bukizi lu\u00f4n \u0111\u1eb7t gi\u00e1 tr\u1ecb v\u00e0 ch\u1ea5t l\u01b0\u1ee3ng c\u1ee7a n\u1ec1n t\u1ea3ng mang l\u1ea1i cho c\u01a1 s\u01a1 \u0110\u00e0o t\u1ea1o l\u00e0 th\u01b0\u1edbc \u0111o cho s\u1ef1 ph\u00e1t tri\u1ec3n v\u00e0 ph\u1ed5 bi\u1ebfn c\u1ee7a s\u1ea3n ph\u1ea9m.<\/p>\n<p>&nbsp;[\/vc_column_text]<div class=\"spacer py-3\"><\/div>[vc_row_inner techland_align_items=&#8221;&#8221;][vc_column_inner width=&#8221;1\/3&#8243;]<div class=\"counter counter--s2\"><div class=\"__item\"><div class=\"svgicon __ico\" id=\"svg-69f23c10ce8bc\" data-url=\"https:\/\/bukizi.com\/wp-content\/uploads\/2019\/05\/counter-svg-1-1.svg\" data-animation=\"false\" data-duration=\"1\" data-width=\"55\" data-height=\"55\"><\/div><div class=\"__content\"><div class=\"__count js-count\" data-from=\"0\" data-to=\"100\" data-after-text=\"+\">100<\/div><div class=\"__title\">C\u01a1 s\u1edf<\/div><\/div><\/div><\/div>[\/vc_column_inner][vc_column_inner width=&#8221;1\/3&#8243;]<div class=\"counter counter--s2\"><div class=\"__item\"><div class=\"svgicon __ico\" id=\"svg-69f23c10ceb7a\" data-url=\"https:\/\/bukizi.com\/wp-content\/uploads\/2019\/05\/counter-svg-2-1-1.svg\" data-animation=\"false\" data-duration=\"1\" data-width=\"55\" data-height=\"55\"><\/div><div class=\"__content\"><div class=\"__count js-count\" data-from=\"0\" data-to=\"350\" data-after-text=\"+\">350<\/div><div class=\"__title\">Kho\u00e1 h\u1ecdc tri\u1ec3n khai<\/div><\/div><\/div><\/div>[\/vc_column_inner][vc_column_inner width=&#8221;1\/3&#8243;]<div class=\"counter counter--s2\"><div class=\"__item\"><div class=\"svgicon __ico\" id=\"svg-69f23c10cede9\" data-url=\"https:\/\/bukizi.com\/wp-content\/uploads\/2019\/05\/counter-svg-3-1-1.svg\" data-animation=\"false\" data-duration=\"1\" data-width=\"55\" data-height=\"55\"><\/div><div class=\"__content\"><div class=\"__count js-count\" data-from=\"0\" data-to=\"5000\">5000<\/div><div class=\"__title\">H\u1ecdc vi\u00ean k\u1ebft n\u1ed1i<\/div><\/div><\/div><\/div>[\/vc_column_inner][\/vc_row_inner][\/vc_column][vc_column techland_alignment=&#8221;text-center&#8221; techland_lg_alignment=&#8221;text-lg-left&#8221; css_animation=&#8221;none&#8221; offset=&#8221;vc_col-lg-6 vc_col-xs-12&#8243;]<figure class=\"image-container js-tilt\" data-tilt-speed=\"600\" data-tilt-max=\"15\" data-tilt-perspective=\"700\"><img class=\"img-fluid\" width=\"470\" height=\"381\" src=\"https:\/\/bukizi.com\/wp-content\/uploads\/2019\/05\/img_2-1.png\"data-srcset=\"https:\/\/bukizi.com\/wp-content\/uploads\/2019\/05\/img_2-1.png 1x, https:\/\/bukizi.com\/wp-content\/uploads\/2019\/05\/img_2@2x-1.png 2x\" alt=\"Demo\" \/><\/figure>[\/vc_column][\/vc_row][vc_row full_width=&#8221;stretch&#8221; parallax=&#8221;scroll&#8221; parallax_image=&#8221;62&#8243; techland_align_items=&#8221;&#8221; techland_lg_align_items=&#8221;&#8221; techland_md_align_items=&#8221;&#8221; techland_sm_align_items=&#8221;&#8221; spacing_toggle=&#8221;yes&#8221; techland_prepadtop=&#8221;section&#8221; techland_parallax_speed=&#8221;0.3&#8243; techland_bg_pos=&#8221;custom&#8221; techland_custom_bg_pos=&#8221;50% 60%&#8221; el_id=&#8221;about-us-4&#8243;][vc_column offset=&#8221;vc_col-md-6 vc_col-xs-12&#8243;]<div class=\"section-heading  section-heading--white \"><h6 class=\"__subtitle\">\u0110\u1ed8I NG\u0168<\/h6><h2 class=\"__title\">S\u00e1ng t\u1ea1o<br><span> trong t\u01b0 duy v\u00e0 tri\u1ec3n khai<\/span><\/h2><\/div><div class=\"spacer py-3\"><\/div>[vc_column_text el_class=&#8221;text-white&#8221;]<strong>S\u00e1ng t\u1ea1o<\/strong> l\u00e0 m\u1ed9t trong nh\u1eefng gi\u00e1 tr\u1ecb v\u0103n ho\u00e1 c\u1ed1t l\u00f5i c\u1ee7a \u0111\u1ed9i ng\u0169 Bukizi. S\u00e1ng t\u1ea1o trong t\u01b0 duy v\u1ec1 s\u1ea3n ph\u1ea9m, s\u00e1ng t\u1ea1o v\u00e0 ho\u00e0n to\u00e0n c\u1edfi m\u1edf trong t\u00edch h\u1ee3p h\u1ec7 th\u1ed1ng.<\/p>\n<p>V\u1edbi Bukizi, t\u00edch h\u1ee3p n\u1ec1n t\u1ea3ng c\u1ee7a Bukizi v\u1edbi c\u00e1c h\u1ec7 th\u1ed1ng kh\u00e1c c\u1ee7a \u0111\u1ed1i t\u00e1c l\u00e0 \u0111\u01b0\u1eddng \u0111i ng\u1eafn nh\u1ea5t v\u00e0 t\u1ed1i \u01b0u nh\u1ea5t \u0111\u1ec3 c\u00f3 th\u1ec3 t\u1eadn d\u1ee5ng \u0111\u01b0\u1ee3c t\u1ed1i \u0111a nh\u1eefng t\u00ednh n\u0103ng \u01b0u vi\u1ec7t c\u1ee7a t\u1eebng h\u1ec7 th\u1ed1ng, t\u1eeb \u0111\u00f3 \u0111em l\u1ea1i gi\u00e1 tr\u1ecb cao nh\u1ea5t cho kh\u00e1ch h\u00e0ng.[\/vc_column_text]<div class=\"spacer py-3\"><\/div>[\/vc_column][vc_column techland_alignment=&#8221;text-center&#8221; techland_md_alignment=&#8221;text-md-right&#8221; css_animation=&#8221;none&#8221; offset=&#8221;vc_col-md-6 vc_col-xs-12&#8243;]<div class=\"spacer py-5 d-md-none\"><\/div><figure class=\"image-container js-tilt\" data-tilt-speed=\"600\" data-tilt-max=\"15\" data-tilt-perspective=\"700\"><img class=\"img-fluid\" width=\"489\" height=\"459\" src=\"https:\/\/bukizi.com\/wp-content\/uploads\/2019\/05\/img_3-1.png\"data-srcset=\"https:\/\/bukizi.com\/wp-content\/uploads\/2019\/05\/img_3-1.png 1x, https:\/\/bukizi.com\/wp-content\/uploads\/2019\/05\/img_3@2x-1.png 2x\" alt=\"Demo\" \/><\/figure>[\/vc_column][\/vc_row]<\/p>\n","protected":false},"excerpt":{"rendered":"<p>[vc_row full_width=&#8221;fullwidth&#8221; techland_align_items=&#8221;&#8221; techland_lg_align_items=&#8221;&#8221; techland_md_align_items=&#8221;&#8221; techland_sm_align_items=&#8221;&#8221;][vc_column][\/vc_column][\/vc_row][vc_row full_width=&#8221;fullwidth&#8221; techland_align_items=&#8221;&#8221; techland_lg_align_items=&#8221;&#8221; techland_md_align_items=&#8221;&#8221; techland_sm_align_items=&#8221;&#8221;][vc_column][\/vc_column][\/vc_row][vc_row full_width=&#8221;stretch&#8221; rtl_reverse=&#8221;flex-md-row-reverse&#8221; techland_align_items=&#8221;&#8221; techland_lg_align_items=&#8221;&#8221; techland_md_align_items=&#8221;&#8221; techland_sm_align_items=&#8221;&#8221; spacing_toggle=&#8221;yes&#8221; techland_prepadtop=&#8221;section&#8221; el_id=&#8221;about-us-1&#8243;][vc_column offset=&#8221;vc_col-md-6 vc_col-xs-12&#8243;][vc_column_text]Th\u1eed th\u00e1ch lu\u00f4n l\u00e0 \u0111\u1ed9ng l\u1ef1c l\u1edbn \u0111\u1ec3 ch\u00fang t\u00f4i \u0111\u1ed3ng h\u00e0nh c\u00f9ng c\u00e1c c\u01a1 s\u1edf \u0110\u00e0o t\u1ea1o, ch\u00ednh v\u00ec th\u1ebf Bukizi lu\u00f4n b\u1eaft \u0111\u1ea7u b\u1eb1ng vi\u1ec7c HI\u1ec2U kh\u00e1ch h\u00e0ng. Tr\u00ean nh\u1eefng nhu c\u1ea7u&#8230;<\/p>\n","protected":false},"author":1,"featured_media":0,"parent":0,"menu_order":0,"comment_status":"closed","ping_status":"closed","template":"custom-page.php","meta":{"kk_blocks_editor_width":"","_kiokenblocks_attr":"","_kiokenblocks_dimensions":""},"featured_image_urls":{"full":"","thumbnail":"","medium":"","medium_large":"","large":"","1536x1536":"","2048x2048":"","the_grid_size1":"","the_grid_size2":"","the_grid_size3":"","the_grid_size4":"","the_grid_size5":"","woocommerce_thumbnail":"","woocommerce_single":"","woocommerce_gallery_thumbnail":"","shop_catalog":"","shop_single":"","shop_thumbnail":""},"post_excerpt_stackable":"<p>[vc_row full_width=&#8221;fullwidth&#8221; techland_align_items=&#8221;&#8221; techland_lg_align_items=&#8221;&#8221; techland_md_align_items=&#8221;&#8221; techland_sm_align_items=&#8221;&#8221;][vc_column]Trang ch\u1ee7 Gi\u1ea3i ph\u00e1p Tin t\u1ee9c Li\u00ean h\u1ec7 \u0110\u0103ng k\u00fd t\u00e0i kho\u1ea3nB\u1eaft \u0111\u1ea7u d\u00f9ng th\u1eed[\/vc_column][\/vc_row][vc_row full_width=&#8221;fullwidth&#8221; techland_align_items=&#8221;&#8221; techland_lg_align_items=&#8221;&#8221; techland_md_align_items=&#8221;&#8221; techland_sm_align_items=&#8221;&#8221;][vc_column]\u0110\u01a1n gi\u1ea3n k\u1ebft n\u1ed1i \u0110\u00e0o t\u1ea1o Vi\u1ec7t NamTrong th\u1eddi \u0111\u1ea1i s\u1ed1 4.0, k\u1ebft n\u1ed1i tr\u1edf th\u00e0nh ch\u00eca kho\u00e1 c\u1ee7a th\u00e0nh c\u00f4ng. Tuy nhi\u00ean hi\u1ec7n t\u1ea1i chi ph\u00ed v\u00e0 ngu\u1ed3n l\u1ef1c \u0111ang c\u1ea3n tr\u1edf c\u00e1c Trung t\u00e2m v\u1eeba v\u00e0 nh\u1ecf, c\u00e1c nh\u00f3m \u0110\u00e0o t\u1ea1o, c\u00e1c gi\u1ea3ng vi\u00ean t\u1ef1 do ti\u1ebfp c\u1eadn chi\u1ebfc ch\u00eca kho\u00e1 n\u00e0y. S\u1ee9 m\u1ec7nh c\u1ee7a Bukizi l\u00e0 k\u1ebft n\u1ed1i c\u00e1c Trung t\u00e2m, nh\u00f3m \u0110\u00e0o t\u1ea1o \u0111\u1ebfn g\u1ea7n h\u1ecdc vi\u00ean nh\u1ea5t, ti\u1ebfp c\u1eadn h\u1ecdc vi\u00ean&hellip;<\/p>\n","category_list":"","author_info":{"name":"admin","url":"https:\/\/bukizi.com\/?author=1"},"comments_num":"0 comments","_links":{"self":[{"href":"https:\/\/bukizi.com\/index.php?rest_route=\/wp\/v2\/pages\/1266"}],"collection":[{"href":"https:\/\/bukizi.com\/index.php?rest_route=\/wp\/v2\/pages"}],"about":[{"href":"https:\/\/bukizi.com\/index.php?rest_route=\/wp\/v2\/types\/page"}],"author":[{"embeddable":true,"href":"https:\/\/bukizi.com\/index.php?rest_route=\/wp\/v2\/users\/1"}],"replies":[{"embeddable":true,"href":"https:\/\/bukizi.com\/index.php?rest_route=%2Fwp%2Fv2%2Fcomments&post=1266"}],"version-history":[{"count":6,"href":"https:\/\/bukizi.com\/index.php?rest_route=\/wp\/v2\/pages\/1266\/revisions"}],"predecessor-version":[{"id":6581,"href":"https:\/\/bukizi.com\/index.php?rest_route=\/wp\/v2\/pages\/1266\/revisions\/6581"}],"wp:attachment":[{"href":"https:\/\/bukizi.com\/index.php?rest_route=%2Fwp%2Fv2%2Fmedia&parent=1266"}],"curies":[{"name":"wp","href":"https:\/\/api.w.org\/{rel}","templated":true}]}}