{"id":1190,"date":"2019-05-28T00:32:50","date_gmt":"2019-05-28T00:32:50","guid":{"rendered":"https:\/\/ninetheme.com\/themes\/techland\/?page_id=1190"},"modified":"2020-10-02T08:54:43","modified_gmt":"2020-10-02T08:54:43","slug":"blogs","status":"publish","type":"page","link":"https:\/\/bukizi.com\/?page_id=1190","title":{"rendered":"Blogs"},"content":{"rendered":"<p>[vc_row full_width=&#8221;fullwidth&#8221; techland_align_items=&#8221;&#8221; techland_lg_align_items=&#8221;&#8221; techland_md_align_items=&#8221;&#8221; techland_sm_align_items=&#8221;&#8221;][vc_column]<header id=\"top-bar\" class=\"top-bar top-bar--light nt-shortcode-header\" data-nav-anchor=\"true\" data-res-css=\"                #nt-logo.top-bar__logo.site-logo img { width:159px; } #nt-logo.top-bar__logo.site-logo img { height:45px; }  \"><div class=\"top-bar__inner\"><div class=\"container-fluid\"><div class=\"row align-items-center no-gutters\"><a href=\"https:\/\/bukizi.com\/\" id=\"nt-logo\" class=\"top-bar__logo site-logo\"><img src=\"https:\/\/bukizi.com\/wp-content\/uploads\/2019\/05\/logo_1.png\" alt=\"Bukizi\" class=\"img-fluid main-logo\" \/><\/a><a id=\"top-bar__navigation-toggler\" class=\"top-bar__navigation-toggler\" href=\"javascript:void(0);\"><span><\/span><\/a><div class=\"top-bar__collapse\"><nav id=\"top-bar__navigation\" class=\"top-bar__navigation\"><ul class=\"nav-menu align-to-right\"><li id=\"menu-item-6272\" class=\"menu-item menu-item-type-post_type menu-item-object-page menu-item-home nt-first-menu-item menu-item-6272\"><a href=\"https:\/\/bukizi.com\/\">Trang ch\u1ee7<\/a><\/li>\n<li id=\"menu-item-6442\" class=\"menu-item menu-item-type-post_type menu-item-object-page menu-item-6442\"><a href=\"https:\/\/bukizi.com\/?page_id=1105\">Gi\u1ea3i ph\u00e1p<\/a><\/li>\n<li id=\"menu-item-6441\" class=\"menu-item menu-item-type-post_type menu-item-object-page current_page_parent menu-item-6441\"><a href=\"https:\/\/bukizi.com\/?page_id=16\">Tin t\u1ee9c<\/a><\/li>\n<li id=\"menu-item-6577\" class=\"menu-item menu-item-type-post_type menu-item-object-page nt-last-menu-item menu-item-6577\"><a href=\"https:\/\/bukizi.com\/?page_id=1657\">Li\u00ean h\u1ec7<\/a><\/li>\n<\/ul><\/nav><div id=\"top-bar__action\" class=\"top-bar__action\"><div class=\"d-xl-flex flex-xl-row flex-xl-wrap align-items-xl-center\"><div class=\"top-bar__auth-btns\"><a class=\"btn-first\"  href=\"https:\/\/ninetheme.com\/themes\/techland\/sign\" target=\"_blank\">Sign In<\/a><a class=\"btn-sceond custom-btn custom-btn--medium custom-btn--style-5\" href=\"#contact\">Get in Touch<\/a><\/div><\/div><\/div><\/div><\/div><\/div><\/div><\/header>[\/vc_column][\/vc_row][vc_row full_width=&#8221;fullwidth&#8221; techland_align_items=&#8221;&#8221; techland_lg_align_items=&#8221;&#8221; techland_md_align_items=&#8221;&#8221; techland_sm_align_items=&#8221;&#8221;][vc_column]<div id=\"hero\" class=\"hero breadcrumb-section jarallax text-center\" data-img-src=\"https:\/\/bukizi.com\/wp-content\/uploads\/2019\/05\/1-1-1.jpg\" data-res-css=\"\"><div class=\"container\"><h1 class=\"hero__title\"><span>Tin t\u1ee9c - C\u1ea9m nang<\/span><\/h1><\/div><\/div>[\/vc_column][\/vc_row][vc_row full_width=&#8221;stretch&#8221; techland_align_items=&#8221;&#8221; techland_lg_align_items=&#8221;&#8221; techland_md_align_items=&#8221;&#8221; techland_sm_align_items=&#8221;&#8221; spacing_toggle=&#8221;yes&#8221; techland_prepadtop=&#8221;section&#8221; techland_prepadbot=&#8221;section&#8221;][vc_column]<div class=\"section-heading  section-heading--dark \"><h6 class=\"__subtitle\">Blog and News<\/h6><h2 class=\"__title\">Tin t\u1ee9c - C\u1ea9m nang<span> Blog<\/span><\/h2><\/div><div class=\"spacer py-6\"><\/div>[\/vc_column][\/vc_row][vc_row full_width=&#8221;stretch&#8221; techland_align_items=&#8221;&#8221; techland_lg_align_items=&#8221;&#8221; techland_md_align_items=&#8221;&#8221; techland_sm_align_items=&#8221;&#8221; spacing_toggle=&#8221;yes&#8221; techland_prepadtop=&#8221;pt-0&#8243; techland_prepadbot=&#8221;section&#8221;][vc_column]<div class=\"section-heading  section-heading--center section-heading--dark \"><h6 class=\"__subtitle\">Blog and News<\/h6><h2 class=\"__title\">TechLand<span> Blog<\/span><\/h2><div class=\"__description\">Redfin perch tripod fish zebra lionfish, nase slickhead! Jewelfish angler Devario gray reef shark forehead brooder.<\/div><\/div><div class=\"spacer py-6\"><\/div><div class=\"posts posts--s2\"><div class=\"__inner\"><div class=\"row\"><div class=\"col-12 col-sm-6 col-lg-4 nt-post  post-7083 post type-post status-publish format-standard has-post-thumbnail hentry category-thong-tin-chuyen-mon nt-default-format-box  nt-post-class \"><div class=\"__item __item--preview\"><div class=\"__header\"><figure class=\"__image\"><img src=\"https:\/\/bukizi.com\/wp-content\/uploads\/2020\/09\/toi-uu-hoa-2.svg\" alt=\"toi-uu-hoa-2.svg\"><\/figure><\/div><div class=\"__body\"><div class=\"__content\"><div class=\"post-meta\"><span class=\"post-meta__item\">TH\u00f4NG TIN CHUY\u00eaN M\u00f4N<\/span><\/div><h4 class=\"__title\"><a href=\"https:\/\/bukizi.com\/?p=7083\" title=\"TRUNG T\u00c2M TI\u1ebeNG ANH C\u1ea6N G\u00cc TRONG TH\u1edcI \u0110\u1ea0I CHUY\u1ec2N \u0110\u1ed4I S\u1ed0\">TRUNG T\u00c2M TI\u1ebeNG ANH C\u1ea6N G\u00cc TRONG TH\u1edcI \u0110\u1ea0I CHUY\u1ec2N \u0110\u1ed4I S\u1ed0<\/a><\/h4><p><a class=\"__more-link\" href=\"https:\/\/bukizi.com\/?p=7083\" title=\"TRUNG T\u00c2M TI\u1ebeNG ANH C\u1ea6N G\u00cc TRONG TH\u1edcI \u0110\u1ea0I CHUY\u1ec2N \u0110\u1ed4I S\u1ed0\">More About<\/a><\/p><\/div><\/div><\/div><\/div><div class=\"col-12 col-sm-6 col-lg-4 nt-post  post-7063 post type-post status-publish format-standard has-post-thumbnail hentry category-cap-nhat-san-pham tag-bukizi tag-tinh-nang nt-default-format-box  nt-post-class \"><div class=\"__item __item--preview\"><div class=\"__header\"><figure class=\"__image\"><img src=\"https:\/\/bukizi.com\/wp-content\/uploads\/2021\/07\/210524720_324223282677353_2878527114859448350_n-1.png\" alt=\"Bukizi_vip\"><\/figure><\/div><div class=\"__body\"><div class=\"__content\"><div class=\"post-meta\"><span class=\"post-meta__item\">C\u1eadP NH\u1eadT S\u1ea3N PH\u1ea9M<\/span><\/div><h4 class=\"__title\"><a href=\"https:\/\/bukizi.com\/?p=7063\" title=\"G\u00d3I EDU-VIP C\u1ee6A BUKIZI C\u00d3 G\u00cc?\">G\u00d3I EDU-VIP C\u1ee6A BUKIZI C\u00d3 G\u00cc?<\/a><\/h4>Bukizi l\u00e0 n\u1ec1n t\u1ea3ng k\u1ebft n\u1ed1i \u0111\u00e0o t\u1ea1o \u0111a k\u00eanh d\u00e0nh ri\u00eang cho Trung T\u00e2m Gi\u00e1o&hellip;<p><a class=\"__more-link\" href=\"https:\/\/bukizi.com\/?p=7063\" title=\"G\u00d3I EDU-VIP C\u1ee6A BUKIZI C\u00d3 G\u00cc?\">More About<\/a><\/p><\/div><\/div><\/div><\/div><div class=\"col-12 col-sm-6 col-lg-4 nt-post  post-7050 post type-post status-publish format-standard has-post-thumbnail hentry category-chu-de-khac tag-bukizi tag-ket-noi-da-kenh tag-nen-tang tag-phan-mem-trung-tam tag-trung-tam-giao-duc nt-default-format-box  nt-post-class \"><div class=\"__item __item--preview\"><div class=\"__header\"><figure class=\"__image\"><img src=\"https:\/\/bukizi.com\/wp-content\/uploads\/2021\/05\/3871893.jpg\" alt=\"trung-tam-giao-duc\"><\/figure><\/div><div class=\"__body\"><div class=\"__content\"><div class=\"post-meta\"><span class=\"post-meta__item\">CH\u1ee7 \u0111\u1ec1 KH\u00e1C<\/span><\/div><h4 class=\"__title\"><a href=\"https:\/\/bukizi.com\/?p=7050\" title=\"Ph\u1ea7n m\u1ec1m qu\u1ea3n l\u00fd Trung T\u00e2m Gi\u00e1o D\u1ee5c \u0111a k\u00eanh\">Ph\u1ea7n m\u1ec1m qu\u1ea3n l\u00fd Trung T\u00e2m Gi\u00e1o D\u1ee5c \u0111a k\u00eanh<\/a><\/h4>Ph\u1ea7n m\u1ec1m qu\u1ea3n l\u00fd Trung T\u00e2m Gi\u00e1o D\u1ee5c \u0111\u01b0\u1ee3c thi\u1ebft k\u1ebf \u0111\u1ec3 gi\u1ea3i quy\u1ebft t\u1ea5t c\u1ea3&hellip;<p><a class=\"__more-link\" href=\"https:\/\/bukizi.com\/?p=7050\" title=\"Ph\u1ea7n m\u1ec1m qu\u1ea3n l\u00fd Trung T\u00e2m Gi\u00e1o D\u1ee5c \u0111a k\u00eanh\">More About<\/a><\/p><\/div><\/div><\/div><\/div><div class=\"col-12 col-sm-6 col-lg-4 nt-post  post-7154 post type-post status-publish format-standard hentry category-chu-de-khac nt-default-format-box  nt-post-class \"><div class=\"__item __item--preview\"><div class=\"__body\"><div class=\"__content\"><div class=\"post-meta\"><span class=\"post-meta__item\">CH\u1ee7 \u0111\u1ec1 KH\u00e1C<\/span><\/div><h4 class=\"__title\"><a href=\"https:\/\/bukizi.com\/?p=7154\" title=\"Tr\u1ea3i nghi\u1ec7m Website tuy\u1ec3n sinh d\u00e0nh cho Trung T\u00e2m Gi\u00e1o D\u1ee5c\">Tr\u1ea3i nghi\u1ec7m Website tuy\u1ec3n sinh d\u00e0nh cho Trung T\u00e2m Gi\u00e1o D\u1ee5c<\/a><\/h4><p><a class=\"__more-link\" href=\"https:\/\/bukizi.com\/?p=7154\" title=\"Tr\u1ea3i nghi\u1ec7m Website tuy\u1ec3n sinh d\u00e0nh cho Trung T\u00e2m Gi\u00e1o D\u1ee5c\">More About<\/a><\/p><\/div><\/div><\/div><\/div><div class=\"col-12 col-sm-6 col-lg-4 nt-post  post-7156 post type-post status-publish format-standard hentry category-chu-de-khac nt-default-format-box  nt-post-class \"><div class=\"__item __item--preview\"><div class=\"__body\"><div class=\"__content\"><div class=\"post-meta\"><span class=\"post-meta__item\">CH\u1ee7 \u0111\u1ec1 KH\u00e1C<\/span><\/div><h4 class=\"__title\"><a href=\"https:\/\/bukizi.com\/?p=7156\" title=\"Bukizi n\u1ec1n t\u1ea3ng k\u1ebft n\u1ed1i \u0111a k\u00eanh\">Bukizi n\u1ec1n t\u1ea3ng k\u1ebft n\u1ed1i \u0111a k\u00eanh<\/a><\/h4><p><a class=\"__more-link\" href=\"https:\/\/bukizi.com\/?p=7156\" title=\"Bukizi n\u1ec1n t\u1ea3ng k\u1ebft n\u1ed1i \u0111a k\u00eanh\">More About<\/a><\/p><\/div><\/div><\/div><\/div><div class=\"col-12 col-sm-6 col-lg-4 nt-post  post-7112 post type-post status-publish format-standard has-post-thumbnail hentry category-chu-de-khac nt-default-format-box  nt-post-class \"><div class=\"__item __item--preview\"><div class=\"__header\"><figure class=\"__image\"><img src=\"https:\/\/bukizi.com\/wp-content\/uploads\/2021\/08\/A\u0309nh-chu\u0323p-ma\u0300n-hi\u0300nh-2021-08-10-152515.png\" alt=\"A\u0309nh-chu\u0323p-ma\u0300n-hi\u0300nh-2021-08-10-152515.png\"><\/figure><\/div><div class=\"__body\"><div class=\"__content\"><div class=\"post-meta\"><span class=\"post-meta__item\">CH\u1ee7 \u0111\u1ec1 KH\u00e1C<\/span><\/div><h4 class=\"__title\"><a href=\"https:\/\/bukizi.com\/?p=7112\" title=\"Bukizi qu\u1ea3n l\u00fd t\u1ed1i \u01b0u h\u00f3a doanh thu cho Trung T\u00e2m Gi\u00e1o D\u1ee5c\">Bukizi qu\u1ea3n l\u00fd t\u1ed1i \u01b0u h\u00f3a doanh thu cho Trung T\u00e2m Gi\u00e1o D\u1ee5c<\/a><\/h4><p><a class=\"__more-link\" href=\"https:\/\/bukizi.com\/?p=7112\" title=\"Bukizi qu\u1ea3n l\u00fd t\u1ed1i \u01b0u h\u00f3a doanh thu cho Trung T\u00e2m Gi\u00e1o D\u1ee5c\">More About<\/a><\/p><\/div><\/div><\/div><\/div><\/div><\/div><\/div>[\/vc_column][\/vc_row][vc_row full_width=&#8221;stretch&#8221; techland_align_items=&#8221;&#8221; techland_lg_align_items=&#8221;&#8221; techland_md_align_items=&#8221;&#8221; techland_sm_align_items=&#8221;&#8221; spacing_toggle=&#8221;yes&#8221; techland_prepadtop=&#8221;pt-0&#8243; techland_prepadbot=&#8221;section&#8221;][vc_column]<div class=\"section-heading  section-heading--dark \"><h6 class=\"__subtitle\">Blog and News<\/h6><h2 class=\"__title\">Bukizi<span> Blog<\/span><\/h2><\/div><div class=\"spacer py-6\"><\/div><div class=\"posts posts--s3\"><div class=\"__inner\"><div class=\"row\"><div class=\"col-12 col-sm-6 col-lg-4 col-xl-3 nt-post  post-7083 post type-post status-publish format-standard has-post-thumbnail hentry category-thong-tin-chuyen-mon nt-default-format-box  nt-post-class \"><div class=\"__item __item--preview __item--rounded __item--shadow\"><div class=\"__header\"><figure class=\"__image __image--rounded\"><a href=\"https:\/\/bukizi.com\/?p=7083\"><img src=\"https:\/\/bukizi.com\/wp-content\/uploads\/2020\/09\/toi-uu-hoa-2.svg\" alt=\"toi-uu-hoa-2.svg\"><\/a><\/figure><\/div><div class=\"__body\"><div class=\"__content\"><div class=\"post-meta\"><span class=\"post-meta__item __date-post\">July 28, 2021<\/span><\/div><h4 class=\"__title\"><a href=\"https:\/\/bukizi.com\/?p=7083\" title=\"TRUNG T\u00c2M TI\u1ebeNG ANH C\u1ea6N G\u00cc TRONG TH\u1edcI \u0110\u1ea0I CHUY\u1ec2N \u0110\u1ed4I S\u1ed0\">TRUNG T\u00c2M TI\u1ebeNG ANH C\u1ea6N G\u00cc TRONG TH\u1edcI \u0110\u1ea0I CHUY\u1ec2N \u0110\u1ed4I S\u1ed0<\/a><\/h4><\/div><\/div><\/div><\/div><div class=\"col-12 col-sm-6 col-lg-4 col-xl-3 nt-post  post-7063 post type-post status-publish format-standard has-post-thumbnail hentry category-cap-nhat-san-pham tag-bukizi tag-tinh-nang nt-default-format-box  nt-post-class \"><div class=\"__item __item--preview __item--rounded __item--shadow\"><div class=\"__header\"><figure class=\"__image __image--rounded\"><a href=\"https:\/\/bukizi.com\/?p=7063\"><img src=\"https:\/\/bukizi.com\/wp-content\/uploads\/2021\/07\/210524720_324223282677353_2878527114859448350_n-1.png\" alt=\"Bukizi_vip\"><\/a><\/figure><\/div><div class=\"__body\"><div class=\"__content\"><div class=\"post-meta\"><span class=\"post-meta__item __date-post\">July 22, 2021<\/span><\/div><h4 class=\"__title\"><a href=\"https:\/\/bukizi.com\/?p=7063\" title=\"G\u00d3I EDU-VIP C\u1ee6A BUKIZI C\u00d3 G\u00cc?\">G\u00d3I EDU-VIP C\u1ee6A BUKIZI C\u00d3 G\u00cc?<\/a><\/h4><\/div><\/div><\/div><\/div><div class=\"col-12 col-sm-6 col-lg-4 col-xl-3 nt-post  post-7050 post type-post status-publish format-standard has-post-thumbnail hentry category-chu-de-khac tag-bukizi tag-ket-noi-da-kenh tag-nen-tang tag-phan-mem-trung-tam tag-trung-tam-giao-duc nt-default-format-box  nt-post-class \"><div class=\"__item __item--preview __item--rounded __item--shadow\"><div class=\"__header\"><figure class=\"__image __image--rounded\"><a href=\"https:\/\/bukizi.com\/?p=7050\"><img src=\"https:\/\/bukizi.com\/wp-content\/uploads\/2021\/05\/3871893.jpg\" alt=\"trung-tam-giao-duc\"><\/a><\/figure><\/div><div class=\"__body\"><div class=\"__content\"><div class=\"post-meta\"><span class=\"post-meta__item __date-post\">May 10, 2021<\/span><\/div><h4 class=\"__title\"><a href=\"https:\/\/bukizi.com\/?p=7050\" title=\"Ph\u1ea7n m\u1ec1m qu\u1ea3n l\u00fd Trung T\u00e2m Gi\u00e1o D\u1ee5c \u0111a k\u00eanh\">Ph\u1ea7n m\u1ec1m qu\u1ea3n l\u00fd Trung T\u00e2m Gi\u00e1o D\u1ee5c \u0111a k\u00eanh<\/a><\/h4><\/div><\/div><\/div><\/div><div class=\"col-12 col-sm-6 col-lg-4 col-xl-3 nt-post  post-7112 post type-post status-publish format-standard has-post-thumbnail hentry category-chu-de-khac nt-default-format-box  nt-post-class \"><div class=\"__item __item--preview __item--rounded __item--shadow\"><div class=\"__header\"><figure class=\"__image __image--rounded\"><a href=\"https:\/\/bukizi.com\/?p=7112\"><img src=\"https:\/\/bukizi.com\/wp-content\/uploads\/2021\/08\/A\u0309nh-chu\u0323p-ma\u0300n-hi\u0300nh-2021-08-10-152515.png\" alt=\"A\u0309nh-chu\u0323p-ma\u0300n-hi\u0300nh-2021-08-10-152515.png\"><\/a><\/figure><\/div><div class=\"__body\"><div class=\"__content\"><div class=\"post-meta\"><span class=\"post-meta__item __date-post\">August 4, 2021<\/span><\/div><h4 class=\"__title\"><a href=\"https:\/\/bukizi.com\/?p=7112\" title=\"Bukizi qu\u1ea3n l\u00fd t\u1ed1i \u01b0u h\u00f3a doanh thu cho Trung T\u00e2m Gi\u00e1o D\u1ee5c\">Bukizi qu\u1ea3n l\u00fd t\u1ed1i \u01b0u h\u00f3a doanh thu cho Trung T\u00e2m Gi\u00e1o D\u1ee5c<\/a><\/h4><\/div><\/div><\/div><\/div><div class=\"col-12 col-sm-6 col-lg-4 col-xl-3 nt-post  post-7105 post type-post status-publish format-standard has-post-thumbnail hentry category-chu-de-khac nt-default-format-box  nt-post-class \"><div class=\"__item __item--preview __item--rounded __item--shadow\"><div class=\"__header\"><figure class=\"__image __image--rounded\"><a href=\"https:\/\/bukizi.com\/?p=7105\"><img src=\"https:\/\/bukizi.com\/wp-content\/uploads\/2021\/08\/A\u0309nh-chu\u0323p-ma\u0300n-hi\u0300nh-2021-08-10-143118.png\" alt=\"A\u0309nh-chu\u0323p-ma\u0300n-hi\u0300nh-2021-08-10-143118.png\"><\/a><\/figure><\/div><div class=\"__body\"><div class=\"__content\"><div class=\"post-meta\"><span class=\"post-meta__item __date-post\">August 3, 2021<\/span><\/div><h4 class=\"__title\"><a href=\"https:\/\/bukizi.com\/?p=7105\" title=\"N\u00e2ng cao ch\u1ea5t l\u01b0\u1ee3ng gi\u1ea3ng d\u1ea1y nh\u1edd c\u00f4ng ngh\u1ec7\">N\u00e2ng cao ch\u1ea5t l\u01b0\u1ee3ng gi\u1ea3ng d\u1ea1y nh\u1edd c\u00f4ng ngh\u1ec7<\/a><\/h4><\/div><\/div><\/div><\/div><\/div><\/div><\/div>[\/vc_column][\/vc_row][vc_row full_width=&#8221;stretch&#8221; techland_align_items=&#8221;&#8221; techland_lg_align_items=&#8221;&#8221; techland_md_align_items=&#8221;&#8221; techland_sm_align_items=&#8221;&#8221; spacing_toggle=&#8221;yes&#8221; techland_prepadtop=&#8221;pt-0&#8243; techland_prepadbot=&#8221;section&#8221;][vc_column]<div class=\"section-heading  section-heading--center section-heading--dark \"><h6 class=\"__subtitle\">Tin t\u1ee9c<\/h6><h2 class=\"__title\">Bukizi<span> C\u1ea9m nang<\/span><\/h2><div class=\"__description\">Redfin perch tripod fish zebra lionfish, nase slickhead! Jewelfish angler Devario gray reef shark forehead brooder.<\/div><\/div><div class=\"spacer py-6\"><\/div><div class=\"posts posts--s4\"><div class=\"__inner\"><div class=\"row\"><div class=\"col-12 col-md-6 col-lg-6 nt-post  post-7083 post type-post status-publish format-standard has-post-thumbnail hentry category-thong-tin-chuyen-mon nt-default-format-box  nt-post-class \"><div class=\"__item __item--preview __item--rounded __item--shadow\"><div class=\"__body\"><div class=\"__content\"><div class=\"post-meta\"><span class=\"post-meta__item __date-post\">July 28, 2021<\/span><\/div><h4 class=\"__title\"><a href=\"https:\/\/bukizi.com\/?p=7083\" title=\"TRUNG T\u00c2M TI\u1ebeNG ANH C\u1ea6N G\u00cc TRONG TH\u1edcI \u0110\u1ea0I CHUY\u1ec2N \u0110\u1ed4I S\u1ed0\">TRUNG T\u00c2M TI\u1ebeNG ANH C\u1ea6N G\u00cc TRONG TH\u1edcI \u0110\u1ea0I CHUY\u1ec2N \u0110\u1ed4I S\u1ed0<\/a><\/h4><\/div><\/div><div class=\"__footer\"><div class=\"mt-4\"><a class=\"custom-btn custom-btn--medium custom-btn--style-2\" href=\"https:\/\/bukizi.com\/?p=7083\" title=\"TRUNG T\u00c2M TI\u1ebeNG ANH C\u1ea6N G\u00cc TRONG TH\u1edcI \u0110\u1ea0I CHUY\u1ec2N \u0110\u1ed4I S\u1ed0\">&nbsp;&nbsp;Read More&nbsp;&nbsp;<\/a><\/div><\/div><\/div><\/div><div class=\"col-12 col-md-6 col-lg-6 nt-post  post-7063 post type-post status-publish format-standard has-post-thumbnail hentry category-cap-nhat-san-pham tag-bukizi tag-tinh-nang nt-default-format-box  nt-post-class \"><div class=\"__item __item--preview __item--rounded __item--shadow\"><div class=\"__body\"><div class=\"__content\"><div class=\"post-meta\"><span class=\"post-meta__item __date-post\">July 22, 2021<\/span><\/div><h4 class=\"__title\"><a href=\"https:\/\/bukizi.com\/?p=7063\" title=\"G\u00d3I EDU-VIP C\u1ee6A BUKIZI C\u00d3 G\u00cc?\">G\u00d3I EDU-VIP C\u1ee6A BUKIZI C\u00d3 G\u00cc?<\/a><\/h4>Bukizi l\u00e0 n\u1ec1n t\u1ea3ng k\u1ebft n\u1ed1i \u0111\u00e0o t\u1ea1o \u0111a k\u00eanh d\u00e0nh ri\u00eang cho Trung T\u00e2m Gi\u00e1o&hellip;<\/div><\/div><div class=\"__footer\"><div class=\"mt-4\"><a class=\"custom-btn custom-btn--medium custom-btn--style-2\" href=\"https:\/\/bukizi.com\/?p=7063\" title=\"G\u00d3I EDU-VIP C\u1ee6A BUKIZI C\u00d3 G\u00cc?\">&nbsp;&nbsp;Read More&nbsp;&nbsp;<\/a><\/div><\/div><\/div><\/div><div class=\"col-12 col-md-6 col-lg-6 nt-post  post-7050 post type-post status-publish format-standard has-post-thumbnail hentry category-chu-de-khac tag-bukizi tag-ket-noi-da-kenh tag-nen-tang tag-phan-mem-trung-tam tag-trung-tam-giao-duc nt-default-format-box  nt-post-class \"><div class=\"__item __item--preview __item--rounded __item--shadow\"><div class=\"__body\"><div class=\"__content\"><div class=\"post-meta\"><span class=\"post-meta__item __date-post\">May 10, 2021<\/span><\/div><h4 class=\"__title\"><a href=\"https:\/\/bukizi.com\/?p=7050\" title=\"Ph\u1ea7n m\u1ec1m qu\u1ea3n l\u00fd Trung T\u00e2m Gi\u00e1o D\u1ee5c \u0111a k\u00eanh\">Ph\u1ea7n m\u1ec1m qu\u1ea3n l\u00fd Trung T\u00e2m Gi\u00e1o D\u1ee5c \u0111a k\u00eanh<\/a><\/h4>Ph\u1ea7n m\u1ec1m qu\u1ea3n l\u00fd Trung T\u00e2m Gi\u00e1o D\u1ee5c \u0111\u01b0\u1ee3c thi\u1ebft k\u1ebf \u0111\u1ec3 gi\u1ea3i quy\u1ebft t\u1ea5t c\u1ea3&hellip;<\/div><\/div><div class=\"__footer\"><div class=\"mt-4\"><a class=\"custom-btn custom-btn--medium custom-btn--style-2\" href=\"https:\/\/bukizi.com\/?p=7050\" title=\"Ph\u1ea7n m\u1ec1m qu\u1ea3n l\u00fd Trung T\u00e2m Gi\u00e1o D\u1ee5c \u0111a k\u00eanh\">&nbsp;&nbsp;Read More&nbsp;&nbsp;<\/a><\/div><\/div><\/div><\/div><div class=\"col-12 col-md-6 col-lg-6 nt-post  post-7154 post type-post status-publish format-standard hentry category-chu-de-khac nt-default-format-box  nt-post-class \"><div class=\"__item __item--preview __item--rounded __item--shadow\"><div class=\"__body\"><div class=\"__content\"><div class=\"post-meta\"><span class=\"post-meta__item __date-post\">September 29, 2021<\/span><\/div><h4 class=\"__title\"><a href=\"https:\/\/bukizi.com\/?p=7154\" title=\"Tr\u1ea3i nghi\u1ec7m Website tuy\u1ec3n sinh d\u00e0nh cho Trung T\u00e2m Gi\u00e1o D\u1ee5c\">Tr\u1ea3i nghi\u1ec7m Website tuy\u1ec3n sinh d\u00e0nh cho Trung T\u00e2m Gi\u00e1o D\u1ee5c<\/a><\/h4><\/div><\/div><div class=\"__footer\"><div class=\"mt-4\"><a class=\"custom-btn custom-btn--medium custom-btn--style-2\" href=\"https:\/\/bukizi.com\/?p=7154\" title=\"Tr\u1ea3i nghi\u1ec7m Website tuy\u1ec3n sinh d\u00e0nh cho Trung T\u00e2m Gi\u00e1o D\u1ee5c\">&nbsp;&nbsp;Read More&nbsp;&nbsp;<\/a><\/div><\/div><\/div><\/div><div class=\"col-12 col-md-6 col-lg-6 nt-post  post-7156 post type-post status-publish format-standard hentry category-chu-de-khac nt-default-format-box  nt-post-class \"><div class=\"__item __item--preview __item--rounded __item--shadow\"><div class=\"__body\"><div class=\"__content\"><div class=\"post-meta\"><span class=\"post-meta__item __date-post\">September 29, 2021<\/span><\/div><h4 class=\"__title\"><a href=\"https:\/\/bukizi.com\/?p=7156\" title=\"Bukizi n\u1ec1n t\u1ea3ng k\u1ebft n\u1ed1i \u0111a k\u00eanh\">Bukizi n\u1ec1n t\u1ea3ng k\u1ebft n\u1ed1i \u0111a k\u00eanh<\/a><\/h4><\/div><\/div><div class=\"__footer\"><div class=\"mt-4\"><a class=\"custom-btn custom-btn--medium custom-btn--style-2\" href=\"https:\/\/bukizi.com\/?p=7156\" title=\"Bukizi n\u1ec1n t\u1ea3ng k\u1ebft n\u1ed1i \u0111a k\u00eanh\">&nbsp;&nbsp;Read More&nbsp;&nbsp;<\/a><\/div><\/div><\/div><\/div><\/div><\/div><\/div>[\/vc_column][\/vc_row]<\/p>\n","protected":false},"excerpt":{"rendered":"<p>[vc_row full_width=&#8221;fullwidth&#8221; techland_align_items=&#8221;&#8221; techland_lg_align_items=&#8221;&#8221; techland_md_align_items=&#8221;&#8221; techland_sm_align_items=&#8221;&#8221;][vc_column][\/vc_column][\/vc_row][vc_row full_width=&#8221;fullwidth&#8221; techland_align_items=&#8221;&#8221; techland_lg_align_items=&#8221;&#8221; techland_md_align_items=&#8221;&#8221; techland_sm_align_items=&#8221;&#8221;][vc_column][\/vc_column][\/vc_row][vc_row full_width=&#8221;stretch&#8221; techland_align_items=&#8221;&#8221; techland_lg_align_items=&#8221;&#8221; techland_md_align_items=&#8221;&#8221; techland_sm_align_items=&#8221;&#8221; spacing_toggle=&#8221;yes&#8221; techland_prepadtop=&#8221;section&#8221; techland_prepadbot=&#8221;section&#8221;][vc_column][\/vc_column][\/vc_row][vc_row full_width=&#8221;stretch&#8221; techland_align_items=&#8221;&#8221; techland_lg_align_items=&#8221;&#8221; techland_md_align_items=&#8221;&#8221; techland_sm_align_items=&#8221;&#8221; spacing_toggle=&#8221;yes&#8221; techland_prepadtop=&#8221;pt-0&#8243; techland_prepadbot=&#8221;section&#8221;][vc_column][\/vc_column][\/vc_row][vc_row full_width=&#8221;stretch&#8221; techland_align_items=&#8221;&#8221; techland_lg_align_items=&#8221;&#8221; techland_md_align_items=&#8221;&#8221; techland_sm_align_items=&#8221;&#8221; spacing_toggle=&#8221;yes&#8221; techland_prepadtop=&#8221;pt-0&#8243; techland_prepadbot=&#8221;section&#8221;][vc_column][\/vc_column][\/vc_row][vc_row full_width=&#8221;stretch&#8221; techland_align_items=&#8221;&#8221; techland_lg_align_items=&#8221;&#8221; techland_md_align_items=&#8221;&#8221; techland_sm_align_items=&#8221;&#8221; spacing_toggle=&#8221;yes&#8221; techland_prepadtop=&#8221;pt-0&#8243; techland_prepadbot=&#8221;section&#8221;][vc_column][\/vc_column][\/vc_row]<\/p>\n","protected":false},"author":1,"featured_media":0,"parent":0,"menu_order":0,"comment_status":"closed","ping_status":"closed","template":"custom-page.php","meta":{"kk_blocks_editor_width":"","_kiokenblocks_attr":"","_kiokenblocks_dimensions":""},"featured_image_urls":{"full":"","thumbnail":"","medium":"","medium_large":"","large":"","1536x1536":"","2048x2048":"","the_grid_size1":"","the_grid_size2":"","the_grid_size3":"","the_grid_size4":"","the_grid_size5":"","woocommerce_thumbnail":"","woocommerce_single":"","woocommerce_gallery_thumbnail":"","shop_catalog":"","shop_single":"","shop_thumbnail":""},"post_excerpt_stackable":"<p>[vc_row full_width=&#8221;fullwidth&#8221; techland_align_items=&#8221;&#8221; techland_lg_align_items=&#8221;&#8221; techland_md_align_items=&#8221;&#8221; techland_sm_align_items=&#8221;&#8221;][vc_column]Trang ch\u1ee7 Gi\u1ea3i ph\u00e1p Tin t\u1ee9c Li\u00ean h\u1ec7 Sign InGet in Touch[\/vc_column][\/vc_row][vc_row full_width=&#8221;fullwidth&#8221; techland_align_items=&#8221;&#8221; techland_lg_align_items=&#8221;&#8221; techland_md_align_items=&#8221;&#8221; techland_sm_align_items=&#8221;&#8221;][vc_column]Tin t\u1ee9c &#8211; C\u1ea9m nang[\/vc_column][\/vc_row][vc_row full_width=&#8221;stretch&#8221; techland_align_items=&#8221;&#8221; techland_lg_align_items=&#8221;&#8221; techland_md_align_items=&#8221;&#8221; techland_sm_align_items=&#8221;&#8221; spacing_toggle=&#8221;yes&#8221; techland_prepadtop=&#8221;section&#8221; techland_prepadbot=&#8221;section&#8221;][vc_column]Blog and NewsTin t\u1ee9c &#8211; C\u1ea9m nang Blog[\/vc_column][\/vc_row][vc_row full_width=&#8221;stretch&#8221; techland_align_items=&#8221;&#8221; techland_lg_align_items=&#8221;&#8221; techland_md_align_items=&#8221;&#8221; techland_sm_align_items=&#8221;&#8221; spacing_toggle=&#8221;yes&#8221; techland_prepadtop=&#8221;pt-0&#8243; techland_prepadbot=&#8221;section&#8221;][vc_column]Blog and NewsTechLand BlogRedfin perch tripod fish zebra lionfish, nase slickhead! Jewelfish angler Devario gray reef shark forehead brooder.TH\u00f4NG TIN CHUY\u00eaN M\u00f4NTRUNG T\u00c2M TI\u1ebeNG ANH C\u1ea6N G\u00cc TRONG TH\u1edcI \u0110\u1ea0I CHUY\u1ec2N \u0110\u1ed4I S\u1ed0More AboutC\u1eadP NH\u1eadT S\u1ea3N PH\u1ea9MG\u00d3I EDU-VIP C\u1ee6A BUKIZI C\u00d3 G\u00cc?Bukizi l\u00e0 n\u1ec1n t\u1ea3ng k\u1ebft n\u1ed1i \u0111\u00e0o t\u1ea1o \u0111a k\u00eanh d\u00e0nh&hellip;<\/p>\n","category_list":"","author_info":{"name":"admin","url":"https:\/\/bukizi.com\/?author=1"},"comments_num":"0 comments","_links":{"self":[{"href":"https:\/\/bukizi.com\/index.php?rest_route=\/wp\/v2\/pages\/1190"}],"collection":[{"href":"https:\/\/bukizi.com\/index.php?rest_route=\/wp\/v2\/pages"}],"about":[{"href":"https:\/\/bukizi.com\/index.php?rest_route=\/wp\/v2\/types\/page"}],"author":[{"embeddable":true,"href":"https:\/\/bukizi.com\/index.php?rest_route=\/wp\/v2\/users\/1"}],"replies":[{"embeddable":true,"href":"https:\/\/bukizi.com\/index.php?rest_route=%2Fwp%2Fv2%2Fcomments&post=1190"}],"version-history":[{"count":5,"href":"https:\/\/bukizi.com\/index.php?rest_route=\/wp\/v2\/pages\/1190\/revisions"}],"predecessor-version":[{"id":6714,"href":"https:\/\/bukizi.com\/index.php?rest_route=\/wp\/v2\/pages\/1190\/revisions\/6714"}],"wp:attachment":[{"href":"https:\/\/bukizi.com\/index.php?rest_route=%2Fwp%2Fv2%2Fmedia&parent=1190"}],"curies":[{"name":"wp","href":"https:\/\/api.w.org\/{rel}","templated":true}]}}